{"id":12,"date":"2020-08-20T17:12:33","date_gmt":"2020-08-20T15:12:33","guid":{"rendered":"http:\/\/parafiaostrowsko.info\/wordpress\/?page_id=12"},"modified":"2026-02-28T19:34:20","modified_gmt":"2026-02-28T18:34:20","slug":"godziny-nabozenstw","status":"publish","type":"page","link":"http:\/\/parafiaostrowsko.info\/wordpress\/index.php\/godziny-nabozenstw\/","title":{"rendered":"Godziny Nabo\u017ce\u0144stw"},"content":{"rendered":"<p style=\"text-align: center;\"><strong><span style=\"color: #ff0000;\">MSZE \u015aW. W NIEDZIELE I \u015aWI\u0118TA<\/span><br \/><\/strong>godz.\u00a0 8.00<br \/>godz. 11.00<br \/><strong>oraz ok. 15.15 w czasie Wielkiego Postu (po Gorzkich \u017balach)<\/strong><\/p>\n<p style=\"text-align: center;\"><strong>Msze \u015bw. w Nowy Rok<\/strong><br \/>godz.\u00a0 8.00<br \/>godz. 11.00<br \/>godz. 15.00<\/p>\n<p style=\"text-align: center;\"><strong><span style=\"color: #ff0000;\">MSZE \u015aW. W TYGODNIU<\/span><br \/><\/strong><strong>poniedzia\u0142ek, \u015broda, pi\u0105tek, sobota<\/strong><br \/>lato &#8211; godz. 18.00<br \/>zima &#8211; godz. 17.00<\/p>\n<p style=\"text-align: center;\"><strong>wtorek, czwartek<\/strong><br \/>godz. 7.00\u00a0 (w wakacje o 7.30)<\/p>\n<p style=\"text-align: center;\"><span style=\"color: #ff0000;\"><strong>Odpust \u015bw. Micha\u0142a Archanio\u0142a w ostatni\u0105 niedziel\u0119 wrze\u015bnia<\/strong><\/span><\/p>\n<p style=\"text-align: center;\"><span style=\"color: #ff0000;\"><strong>I poniedzia\u0142ek miesi\u0105ca ku czci \u015bw. Micha\u0142a Archanio\u0142a<\/strong><\/span><br \/>lato &#8211; godz. 17.30\u00a0<br \/>zima &#8211; godz. 16.30<\/p>\n<p style=\"text-align: center;\"><strong><span style=\"color: #ff0000;\">W \u015brod\u0119 Nowenna do Matki Bo\u017cej Nieustaj\u0105cej Pomocy<\/span><br \/><\/strong>lato &#8211; godz. 17.30<br \/>zima &#8211; godz. 16.30<\/p>\n<p style=\"text-align: center;\"><strong><span style=\"color: #ff0000;\">III pi\u0105tek miesi\u0105ca &#8211; nabo\u017ce\u0144stwo do Bo\u017cego Mi\u0142osierdzia<\/span><br \/><\/strong>lato godz. 17.30<br \/>zima godz. 16.30<\/p>\n<p style=\"text-align: center;\"><strong><span style=\"color: #ff0000;\">NABO\u017bE\u0143STWA WIELKOPOSTNE<\/span><br \/><\/strong><strong>Droga Krzy\u017cowa &#8211; pi\u0105tek<\/strong><br \/>godz. 16.30<br \/>godz. 20.00<br \/><strong>niedziela<\/strong> &#8211; po Sumie<\/p>\n<p style=\"text-align: center;\"><strong>Gorzkie \u017bale &#8211; niedziela<\/strong><br \/>godz. 14.30<\/p>\n<p style=\"text-align: center;\">\u00a0<\/p>\n\n\n<div class=\"wp-block-columns\">\n<div class=\"wp-block-column\"><\/div>\n\n\n\n<div class=\"wp-block-column\"><\/div>\n\n\n\n<div class=\"wp-block-column\"><\/div>\n<\/div>\n\n\n","protected":false},"excerpt":{"rendered":"<p>MSZE \u015aW. W NIEDZIELE I \u015aWI\u0118TAgodz.\u00a0 8.00godz. 11.00oraz ok. 15.15 w czasie Wielkiego Postu (po Gorzkich \u017balach) Msze \u015bw. w Nowy Rokgodz.\u00a0 8.00godz. 11.00godz. 15.00 MSZE \u015aW. W TYGODNIUponiedzia\u0142ek, \u015broda, pi\u0105tek, sobotalato &#8211; godz.&#46;&#46;&#46;<\/p>\n<div class='heateorSssClear'><\/div><div  class='heateor_sss_sharing_container heateor_sss_horizontal_sharing' data-heateor-sss-href='http:\/\/parafiaostrowsko.info\/wordpress\/index.php\/godziny-nabozenstw\/'><div class='heateor_sss_sharing_title' style=\"font-weight:bold\" >Udost\u0119pnij<\/div><div class=\"heateor_sss_sharing_ul\"><a class=\"heateor_sss_facebook\" href=\"https:\/\/www.facebook.com\/sharer\/sharer.php?u=http%3A%2F%2Fparafiaostrowsko.info%2Fwordpress%2Findex.php%2Fgodziny-nabozenstw%2F\" title=\"Facebook\" rel=\"nofollow noopener\" target=\"_blank\" style=\"font-size:32px!important;box-shadow:none;display:inline-block;vertical-align:middle\"><span class=\"heateor_sss_svg\" style=\"background-color:#3c589a;width:35px;height:35px;border-radius:999px;display:inline-block;opacity:1;float:left;font-size:32px;box-shadow:none;display:inline-block;font-size:16px;padding:0 4px;vertical-align:middle;background-repeat:repeat;overflow:hidden;padding:0;cursor:pointer;box-sizing:content-box\"><svg style=\"display:block;border-radius:999px;\" focusable=\"false\" aria-hidden=\"true\" xmlns=\"http:\/\/www.w3.org\/2000\/svg\" width=\"100%\" height=\"100%\" viewBox=\"-5 -5 42 42\"><path d=\"M17.78 27.5V17.008h3.522l.527-4.09h-4.05v-2.61c0-1.182.33-1.99 2.023-1.99h2.166V4.66c-.375-.05-1.66-.16-3.155-.16-3.123 0-5.26 1.905-5.26 5.405v3.016h-3.53v4.09h3.53V27.5h4.223z\" fill=\"#fff\"><\/path><\/svg><\/span><\/a><a style=\"padding:7.35px 0 !important\" class=\"heateor_sss_facebook_share\"><div class=\"fb-share-button\" data-href=\"http:\/\/parafiaostrowsko.info\/wordpress\/index.php\/godziny-nabozenstw\/\" data-layout=\"button\"><\/div><\/a><\/div><div class=\"heateorSssClear\"><\/div><\/div><div class='heateorSssClear'><\/div>","protected":false},"author":1,"featured_media":0,"parent":0,"menu_order":0,"comment_status":"closed","ping_status":"closed","template":"","meta":[],"_links":{"self":[{"href":"http:\/\/parafiaostrowsko.info\/wordpress\/index.php\/wp-json\/wp\/v2\/pages\/12"}],"collection":[{"href":"http:\/\/parafiaostrowsko.info\/wordpress\/index.php\/wp-json\/wp\/v2\/pages"}],"about":[{"href":"http:\/\/parafiaostrowsko.info\/wordpress\/index.php\/wp-json\/wp\/v2\/types\/page"}],"author":[{"embeddable":true,"href":"http:\/\/parafiaostrowsko.info\/wordpress\/index.php\/wp-json\/wp\/v2\/users\/1"}],"replies":[{"embeddable":true,"href":"http:\/\/parafiaostrowsko.info\/wordpress\/index.php\/wp-json\/wp\/v2\/comments?post=12"}],"version-history":[{"count":20,"href":"http:\/\/parafiaostrowsko.info\/wordpress\/index.php\/wp-json\/wp\/v2\/pages\/12\/revisions"}],"predecessor-version":[{"id":9594,"href":"http:\/\/parafiaostrowsko.info\/wordpress\/index.php\/wp-json\/wp\/v2\/pages\/12\/revisions\/9594"}],"wp:attachment":[{"href":"http:\/\/parafiaostrowsko.info\/wordpress\/index.php\/wp-json\/wp\/v2\/media?parent=12"}],"curies":[{"name":"wp","href":"https:\/\/api.w.org\/{rel}","templated":true}]}}