{"id":16,"date":"2020-08-20T17:17:55","date_gmt":"2020-08-20T15:17:55","guid":{"rendered":"http:\/\/parafiaostrowsko.info\/wordpress\/?page_id=16"},"modified":"2025-11-23T18:10:29","modified_gmt":"2025-11-23T17:10:29","slug":"o-patronie","status":"publish","type":"page","link":"http:\/\/parafiaostrowsko.info\/wordpress\/index.php\/o-patronie\/","title":{"rendered":"O Patronie"},"content":{"rendered":"<p style=\"text-align: left;\"><strong>Michai\u0142<\/strong> &#8211; w religii chrze\u015bcija\u0144skiej jeden z archanio\u0142\u00f3w, \u015bwi\u0119ty Ko\u015bcio\u0142a katolickiego i prawos\u0142awnego.<\/p>\n<p style=\"text-align: left;\"><strong>Hebrajskie<\/strong> imi\u0119 <strong>Mika&#8217;el<\/strong> znaczy <strong>kt\u00f3\u017c jak B\u00f3g.<\/strong> Wed\u0142ug tradycji chrze\u015bcija\u0144skiej i \u017cydowskiej, kiedy Satanael zbuntowa\u0142 si\u0119 przeciwko Bogu i nak\u0142oni\u0142 do buntu 1\/3 anio\u0142\u00f3w, Micha\u0142 mia\u0142 wyst\u0105pi\u0107 jako pierwszy przeciwko niemu z okrzykiem: &#8220;Kt\u00f3\u017c jak B\u00f3g!&#8221;.<\/p>\n<p style=\"text-align: left;\">W religii judaistycznej wymienia si\u0119 Micha\u0142a w\u015br\u00f3d siedmiu anio\u0142\u00f3w wy\u017cszego rz\u0119du. R\u00f3wnie\u017c w islamie Micha\u0142 (Mika&#8217;il) jest jednym z wa\u017cniejszych anio\u0142\u00f3w.<\/p>\n<p style=\"text-align: left;\"><strong>W Nowym Testamencie<\/strong> pojawia si\u0119 jako stoj\u0105cy na czele hufc\u00f3w niebieskich, zwyci\u0119sko walcz\u0105cy z szatanem i jego zwolennikami (Jud 9; Ap 12,7).<\/p>\n<p style=\"text-align: left;\"><strong>U pisarzy ko\u015bcielnych<\/strong> uchodzi za ksi\u0119cia anio\u0142\u00f3w, archanio\u0142a, kt\u00f3remu B\u00f3g powierza zadania wymagaj\u0105ce szczeg\u00f3lnej si\u0142y. Wstawia si\u0119 u Boga za lud\u017ami, jest anio\u0142em str\u00f3\u017cem ludu chrze\u015bcija\u0144skiego. Stoi u wezg\u0142owia umieraj\u0105cych, kt\u00f3rym nast\u0119pnie towarzyszy w drodze do wieczno\u015bci. \u0141\u0105czy si\u0119 z tym jego patronat nad kaplicami cmentarnymi.<\/p>\n<p style=\"text-align: left;\">Arty\u015bci przedstawiaj\u0105 go <strong>z wag\u0105<\/strong> do odmierzania dobrych uczynk\u00f3w. Za\u015b symbolem dobrych uczynk\u00f3w jest z\u0142oto i dlatego jest te\u017c patronem z\u0142otnik\u00f3w i rytownik\u00f3w. Kult religijny \u015bw. Micha\u0142a istnieje nieprzerwanie od pocz\u0105tku chrze\u015bcija\u0144stwa. Innym atrybutem Archanio\u0142a Micha\u0142a jest <strong>ognisty miecz.<\/strong> Najs\u0142awniejsz\u0105 budowl\u0105 wzniesion\u0105 ku jego czci jest ko\u015bci\u00f3\u0142 i klasztor na Mont Saint-Michel, miejsce pielgrzymkowe oraz Monte Gargano (W\u0142ochy).<\/p>\n<p style=\"text-align: left;\">Jest uwa\u017cany za najwi\u0119kszego ze wszystkich anio\u0142\u00f3w w \u017cydowskich, chrze\u015bcija\u0144skich i muzu\u0142ma\u0144skich religiach. Jest postrzegany r\u00f3\u017cnie, jako Posiadacz Kluczy do Nieba i W\u00f3dz Archanio\u0142\u00f3w, Ksi\u0105\u017c\u0119 Obecno\u015bci, Anio\u0142 \u017balu, Prawo\u015bci, Lito\u015bci i U\u015bwi\u0119cenia Duszy, Anielski Ksi\u0105\u017c\u0119 Izraela, Str\u00f3\u017c Jakuba i anio\u0142 Gorej\u0105cego Krzewu. Jest niezmordowanym mistrzem dobroci i zawsze pomaga podnie\u015b\u0107 si\u0119 pokonanym. Micha\u0142 stosuje regu\u0142y samotnego wojownika; zawsze jest sk\u0142onny pom\u00f3c za\u0142agodzi\u0107 konflikt i rozwi\u0105za\u0107 k\u0142opot.<\/p>\n<p style=\"text-align: left;\">Jest kojarzony z elementem ognia, kt\u00f3ry symbolizuje spalanie rzeczy tymczasowych i przej\u015bciowych, dzi\u0119ki czemu tylko czyste wewn\u0119trzne \u015bwiat\u0142o mo\u017ce o\u015bwietla\u0107 nam drog\u0119. Jest nazywany \u017cyczliwym Anio\u0142em \u015amierci, poniewa\u017c przynosi nam oswobodzenie i nie\u015bmiertelno\u015b\u0107. Jest Anio\u0142em Ko\u0144cowego Rachunku i Wa\u017c\u0105cym Ludzkie Dusze.<\/p>\n\n\n<div class=\"wp-block-columns\">\n<div class=\"wp-block-column\"><\/div>\n\n\n\n<div class=\"wp-block-column\"><\/div>\n\n\n\n<div class=\"wp-block-column\"><\/div>\n<\/div>\n","protected":false},"excerpt":{"rendered":"<p>Michai\u0142 &#8211; w religii chrze\u015bcija\u0144skiej jeden z archanio\u0142\u00f3w, \u015bwi\u0119ty Ko\u015bcio\u0142a katolickiego i prawos\u0142awnego. Hebrajskie imi\u0119 Mika&#8217;el znaczy kt\u00f3\u017c jak B\u00f3g. Wed\u0142ug tradycji chrze\u015bcija\u0144skiej i \u017cydowskiej, kiedy Satanael zbuntowa\u0142 si\u0119 przeciwko Bogu i nak\u0142oni\u0142 do&#46;&#46;&#46;<\/p>\n<div class='heateorSssClear'><\/div><div  class='heateor_sss_sharing_container heateor_sss_horizontal_sharing' data-heateor-sss-href='http:\/\/parafiaostrowsko.info\/wordpress\/index.php\/o-patronie\/'><div class='heateor_sss_sharing_title' style=\"font-weight:bold\" >Udost\u0119pnij<\/div><div class=\"heateor_sss_sharing_ul\"><a class=\"heateor_sss_facebook\" href=\"https:\/\/www.facebook.com\/sharer\/sharer.php?u=http%3A%2F%2Fparafiaostrowsko.info%2Fwordpress%2Findex.php%2Fo-patronie%2F\" title=\"Facebook\" rel=\"nofollow noopener\" target=\"_blank\" style=\"font-size:32px!important;box-shadow:none;display:inline-block;vertical-align:middle\"><span class=\"heateor_sss_svg\" style=\"background-color:#3c589a;width:35px;height:35px;border-radius:999px;display:inline-block;opacity:1;float:left;font-size:32px;box-shadow:none;display:inline-block;font-size:16px;padding:0 4px;vertical-align:middle;background-repeat:repeat;overflow:hidden;padding:0;cursor:pointer;box-sizing:content-box\"><svg style=\"display:block;border-radius:999px;\" focusable=\"false\" aria-hidden=\"true\" xmlns=\"http:\/\/www.w3.org\/2000\/svg\" width=\"100%\" height=\"100%\" viewBox=\"-5 -5 42 42\"><path d=\"M17.78 27.5V17.008h3.522l.527-4.09h-4.05v-2.61c0-1.182.33-1.99 2.023-1.99h2.166V4.66c-.375-.05-1.66-.16-3.155-.16-3.123 0-5.26 1.905-5.26 5.405v3.016h-3.53v4.09h3.53V27.5h4.223z\" fill=\"#fff\"><\/path><\/svg><\/span><\/a><a style=\"padding:7.35px 0 !important\" class=\"heateor_sss_facebook_share\"><div class=\"fb-share-button\" data-href=\"http:\/\/parafiaostrowsko.info\/wordpress\/index.php\/o-patronie\/\" data-layout=\"button\"><\/div><\/a><\/div><div class=\"heateorSssClear\"><\/div><\/div><div class='heateorSssClear'><\/div>","protected":false},"author":1,"featured_media":0,"parent":0,"menu_order":0,"comment_status":"closed","ping_status":"closed","template":"","meta":[],"_links":{"self":[{"href":"http:\/\/parafiaostrowsko.info\/wordpress\/index.php\/wp-json\/wp\/v2\/pages\/16"}],"collection":[{"href":"http:\/\/parafiaostrowsko.info\/wordpress\/index.php\/wp-json\/wp\/v2\/pages"}],"about":[{"href":"http:\/\/parafiaostrowsko.info\/wordpress\/index.php\/wp-json\/wp\/v2\/types\/page"}],"author":[{"embeddable":true,"href":"http:\/\/parafiaostrowsko.info\/wordpress\/index.php\/wp-json\/wp\/v2\/users\/1"}],"replies":[{"embeddable":true,"href":"http:\/\/parafiaostrowsko.info\/wordpress\/index.php\/wp-json\/wp\/v2\/comments?post=16"}],"version-history":[{"count":6,"href":"http:\/\/parafiaostrowsko.info\/wordpress\/index.php\/wp-json\/wp\/v2\/pages\/16\/revisions"}],"predecessor-version":[{"id":9102,"href":"http:\/\/parafiaostrowsko.info\/wordpress\/index.php\/wp-json\/wp\/v2\/pages\/16\/revisions\/9102"}],"wp:attachment":[{"href":"http:\/\/parafiaostrowsko.info\/wordpress\/index.php\/wp-json\/wp\/v2\/media?parent=16"}],"curies":[{"name":"wp","href":"https:\/\/api.w.org\/{rel}","templated":true}]}}