{"id":18,"date":"2020-08-20T17:18:49","date_gmt":"2020-08-20T15:18:49","guid":{"rendered":"http:\/\/parafiaostrowsko.info\/wordpress\/?page_id=18"},"modified":"2020-12-14T23:29:09","modified_gmt":"2020-12-14T22:29:09","slug":"polecane-strony","status":"publish","type":"page","link":"http:\/\/parafiaostrowsko.info\/wordpress\/index.php\/polecane-strony\/","title":{"rendered":"Polecane Strony"},"content":{"rendered":"\n<figure class=\"wp-block-table\"><table><tbody><tr><td><strong>Portale Ko\u009ccio\u0142a:<\/strong><\/td><td>Portal Watykanu &#8211; <a href=\"http:\/\/www.vatican.va\/\">www.vatican.va<\/a><br>Portal Episkopatu Polski &#8211; <a href=\"http:\/\/www.episkopat.pl\/\">www.episkopat.pl<\/a><br>Portal Archidiecezji Krakowskiej &#8211; <a href=\"http:\/\/www.diecezja.pl\/\">www.diecezja.pl<\/a><\/td><\/tr><tr><td><strong>Portale Katolickie:<\/strong><\/td><td>Opoka &#8211; <a href=\"http:\/\/www.opoka.org.pl\/\">www.opoka.org.pl<\/a><br>Mateusz &#8211; <a href=\"http:\/\/www.mateusz.pl\/\">www.mateusz.pl<\/a><br>Amen &#8211; <a href=\"http:\/\/www.amen.pl\/\">www.amen.pl<\/a><br>Pascha.org &#8211; <a href=\"http:\/\/www.pascha.org.pl\/\">www.pascha.org.pl<\/a><br>Wiara &#8211; <a href=\"http:\/\/www.wiara.pl\/\">www.wiara.pl<\/a><br>Angelus &#8211; <a href=\"http:\/\/www.angelus.pl\/\">www.angelus.pl<\/a><br>KAI &#8211; <a href=\"http:\/\/www.e.kai.pl\/\">www.e.kai.pl<\/a><br>Katolik &#8211; <a href=\"http:\/\/www.katolik.pl\/\">www.katolik.pl<\/a><br>Religia.pl &#8211; <a href=\"http:\/\/www.religia.pl\/\">www.religia.pl<\/a><br>Katolicki portal dla dzieci &#8211; <a href=\"http:\/\/www.urwisy.pl\/\">www.urwisy.pl<\/a><\/td><\/tr><tr><td><strong>Prasa katolicka:<\/strong><\/td><td>Go\u015b\u0107 Niedzielny &#8211; <a href=\"http:\/\/www.goscniedzielny.wiara.pl\/\">www.goscniedzielny.wiara.pl<\/a><br>Niedziela &#8211; <a href=\"http:\/\/www.niedziela.pl\/\">www.niedziela.pl<\/a><br>Wzrastanie &#8211; <a href=\"http:\/\/www.wzrastanie.pl\/\">www.wzrastanie.pl<\/a><br>\u017br\u00f3d\u0142o &#8211; <a href=\"http:\/\/www.zrodlo.krakow.pl\/\">www.zrodlo.krakow.pl<\/a><br>List &#8211; <a href=\"http:\/\/www.list.media.pl\/\">www.list.media.pl<\/a><br>Nasza Droga &#8211; <a href=\"http:\/\/www.droga.com.pl\/\">www.droga.com.pl<\/a><br>Oremus &#8211; <a href=\"http:\/\/www.oremus.com.pl\/\">www.oremus.com.pl<\/a><\/td><\/tr><tr><td><strong>Inne strony:<\/strong><\/td><td>Biblia Tysi\u0105clecia &#8211; <a href=\"http:\/\/www.online.biblia.pl\/\">www.online.biblia.pl<\/a><br>\u015apiewnik Katolicki &#8211; <a href=\"http:\/\/www.spiewnik.fogi.pl\/\">www.spiewnik.fogi.pl<\/a><br>Katechizm Ko\u015bcio\u0142a Katolickiego &#8211; <a href=\"http:\/\/www.katechizm.pl\/\">www.katechizm.pl<\/a><br>Katolickie Centrum Kultury &#8211; <a href=\"http:\/\/www.kck.diecezja.pl\/\">www.kck.diecezja.pl<\/a><br>Szlak Architektury Drewnianej &#8211; <a href=\"http:\/\/www.malopolska.pl\/\">www.malopolska.pl<\/a><br>Internetowa ksi\u0119garnia katolicka Gloria24 &#8211; <a href=\"http:\/\/www.gloria24.pl\/\">www.gloria24.pl<\/a><br>Czytania Mszalne &#8211; <a href=\"http:\/\/www.mateusz.pl\/czytania\">www.mateusz.pl\/czytania<\/a><br>Franciszka\u0144ska 3 &#8211; <a href=\"http:\/\/www.franciszkanska3.pl\/\">www.franciszkanska3.pl<\/a><br>Zgromadzenie Si\u00f3str Matki Bo\u017cej Mi\u0142osierdzia &#8211; <a href=\"http:\/\/www.faustyna.pl\">www.faustyna.pl<\/a><br>Rzymskokatolicka Parafia w Czerwonogradzie &#8211; <a href=\"http:\/\/www.spiritus-sanctus.org.ua\">www.spiritus-sanctus.org.ua<\/a><\/td><\/tr><\/tbody><\/table><\/figure>\n\n\n\n<div class=\"wp-block-columns\">\n<div class=\"wp-block-column\"><\/div>\n\n\n\n<div class=\"wp-block-column\"><\/div>\n\n\n\n<div class=\"wp-block-column\">\n<!-- www.DarmowyLicznik.pl -->\n<div class=\"image-rotator\"><div class=\"rotator-slide\" id=\"rotator-slide-1\"><a href=\"https:\/\/www.darmowylicznik.pl\/\" title=\"Przejd\u017a na stron\u0119 licznika\" target=\"_blank\" rel=\"noopener noreferrer\"><img src=\"https:\/\/www.darmowylicznik.pl\/licznik.php?id=142389\" alt=\"Darmowy licznik odwiedzin\" style=\"border:0px;\" \/><\/a><\/div><\/div>\n<!-- END www.DarmowyLicznik.pl -->\n<\/div>\n<\/div>\n","protected":false},"excerpt":{"rendered":"<p>Portale Ko\u009ccio\u0142a: Portal Watykanu &#8211; www.vatican.vaPortal Episkopatu Polski &#8211; www.episkopat.plPortal Archidiecezji Krakowskiej &#8211; www.diecezja.pl Portale Katolickie: Opoka &#8211; www.opoka.org.plMateusz &#8211; www.mateusz.plAmen &#8211; www.amen.plPascha.org &#8211; www.pascha.org.plWiara &#8211; www.wiara.plAngelus &#8211; www.angelus.plKAI &#8211; www.e.kai.plKatolik &#8211; www.katolik.plReligia.pl &#8211;&#46;&#46;&#46;<\/p>\n<div class='heateorSssClear'><\/div><div  class='heateor_sss_sharing_container heateor_sss_horizontal_sharing' data-heateor-sss-href='http:\/\/parafiaostrowsko.info\/wordpress\/index.php\/polecane-strony\/'><div class='heateor_sss_sharing_title' style=\"font-weight:bold\" >Udost\u0119pnij<\/div><div class=\"heateor_sss_sharing_ul\"><a class=\"heateor_sss_facebook\" href=\"https:\/\/www.facebook.com\/sharer\/sharer.php?u=http%3A%2F%2Fparafiaostrowsko.info%2Fwordpress%2Findex.php%2Fpolecane-strony%2F\" title=\"Facebook\" rel=\"nofollow noopener\" target=\"_blank\" style=\"font-size:32px!important;box-shadow:none;display:inline-block;vertical-align:middle\"><span class=\"heateor_sss_svg\" style=\"background-color:#3c589a;width:35px;height:35px;border-radius:999px;display:inline-block;opacity:1;float:left;font-size:32px;box-shadow:none;display:inline-block;font-size:16px;padding:0 4px;vertical-align:middle;background-repeat:repeat;overflow:hidden;padding:0;cursor:pointer;box-sizing:content-box\"><svg style=\"display:block;border-radius:999px;\" focusable=\"false\" aria-hidden=\"true\" xmlns=\"http:\/\/www.w3.org\/2000\/svg\" width=\"100%\" height=\"100%\" viewBox=\"-5 -5 42 42\"><path d=\"M17.78 27.5V17.008h3.522l.527-4.09h-4.05v-2.61c0-1.182.33-1.99 2.023-1.99h2.166V4.66c-.375-.05-1.66-.16-3.155-.16-3.123 0-5.26 1.905-5.26 5.405v3.016h-3.53v4.09h3.53V27.5h4.223z\" fill=\"#fff\"><\/path><\/svg><\/span><\/a><a style=\"padding:7.35px 0 !important\" class=\"heateor_sss_facebook_share\"><div class=\"fb-share-button\" data-href=\"http:\/\/parafiaostrowsko.info\/wordpress\/index.php\/polecane-strony\/\" data-layout=\"button\"><\/div><\/a><\/div><div class=\"heateorSssClear\"><\/div><\/div><div class='heateorSssClear'><\/div>","protected":false},"author":1,"featured_media":0,"parent":0,"menu_order":0,"comment_status":"closed","ping_status":"closed","template":"","meta":[],"_links":{"self":[{"href":"http:\/\/parafiaostrowsko.info\/wordpress\/index.php\/wp-json\/wp\/v2\/pages\/18"}],"collection":[{"href":"http:\/\/parafiaostrowsko.info\/wordpress\/index.php\/wp-json\/wp\/v2\/pages"}],"about":[{"href":"http:\/\/parafiaostrowsko.info\/wordpress\/index.php\/wp-json\/wp\/v2\/types\/page"}],"author":[{"embeddable":true,"href":"http:\/\/parafiaostrowsko.info\/wordpress\/index.php\/wp-json\/wp\/v2\/users\/1"}],"replies":[{"embeddable":true,"href":"http:\/\/parafiaostrowsko.info\/wordpress\/index.php\/wp-json\/wp\/v2\/comments?post=18"}],"version-history":[{"count":5,"href":"http:\/\/parafiaostrowsko.info\/wordpress\/index.php\/wp-json\/wp\/v2\/pages\/18\/revisions"}],"predecessor-version":[{"id":4687,"href":"http:\/\/parafiaostrowsko.info\/wordpress\/index.php\/wp-json\/wp\/v2\/pages\/18\/revisions\/4687"}],"wp:attachment":[{"href":"http:\/\/parafiaostrowsko.info\/wordpress\/index.php\/wp-json\/wp\/v2\/media?parent=18"}],"curies":[{"name":"wp","href":"https:\/\/api.w.org\/{rel}","templated":true}]}}