{"id":21,"date":"2020-08-20T17:20:27","date_gmt":"2020-08-20T15:20:27","guid":{"rendered":"http:\/\/parafiaostrowsko.info\/wordpress\/?page_id=21"},"modified":"2020-12-20T14:40:56","modified_gmt":"2020-12-20T13:40:56","slug":"duszpasterze","status":"publish","type":"page","link":"http:\/\/parafiaostrowsko.info\/wordpress\/index.php\/duszpasterze\/","title":{"rendered":"Duszpasterze"},"content":{"rendered":"<p style=\"text-align: left;\">Proboszcz ks. Krzysztof&nbsp; Karnas &#8211; ur. 1969 Krak\u00f3w &#8211;&nbsp; wy\u015bw. 1995 &#8211; Proboszczem od pa\u017adziernika 2020<\/p>\n<p style=\"text-align: left;\">Ksi\u0105dz kanonik Stanis\u0142aw Barcik&nbsp; R.M &#8211; ur. 1937 Rychwa\u0142dek &#8211;&nbsp; wy\u015bw. 1972 &#8211; Proboszczem od 1983-2010<\/p>\n<p><strong>Poprzedni Proboszczowie:<\/strong><br>ks. Jacek Tekiela (2018 &#8211; 2020)<br>ks. Jan Jakubiec (2010 &#8211; 2018)<br>ks. Stanis\u0142aw Barcik (1983 &#8211; 2010)<\/p>\n\n\n<div class=\"wp-block-columns\">\n<div class=\"wp-block-column\"><\/div>\n\n\n\n<div class=\"wp-block-column\"><\/div>\n\n\n\n<div class=\"wp-block-column\">\n\n\n<p><\/p>\n<\/div>\n<\/div>\n\n\n\n<p><\/p>\n\n\n","protected":false},"excerpt":{"rendered":"<p>Proboszcz ks. Krzysztof&nbsp; Karnas &#8211; ur. 1969 Krak\u00f3w &#8211;&nbsp; wy\u015bw. 1995 &#8211; Proboszczem od pa\u017adziernika 2020 Ksi\u0105dz kanonik Stanis\u0142aw Barcik&nbsp; R.M &#8211; ur. 1937 Rychwa\u0142dek &#8211;&nbsp; wy\u015bw. 1972 &#8211; Proboszczem od 1983-2010 Poprzedni Proboszczowie:ks.&#46;&#46;&#46;<\/p>\n<div class='heateorSssClear'><\/div><div  class='heateor_sss_sharing_container heateor_sss_horizontal_sharing' data-heateor-sss-href='http:\/\/parafiaostrowsko.info\/wordpress\/index.php\/duszpasterze\/'><div class='heateor_sss_sharing_title' style=\"font-weight:bold\" >Udost\u0119pnij<\/div><div class=\"heateor_sss_sharing_ul\"><a class=\"heateor_sss_facebook\" href=\"https:\/\/www.facebook.com\/sharer\/sharer.php?u=http%3A%2F%2Fparafiaostrowsko.info%2Fwordpress%2Findex.php%2Fduszpasterze%2F\" title=\"Facebook\" rel=\"nofollow noopener\" target=\"_blank\" style=\"font-size:32px!important;box-shadow:none;display:inline-block;vertical-align:middle\"><span class=\"heateor_sss_svg\" style=\"background-color:#3c589a;width:35px;height:35px;border-radius:999px;display:inline-block;opacity:1;float:left;font-size:32px;box-shadow:none;display:inline-block;font-size:16px;padding:0 4px;vertical-align:middle;background-repeat:repeat;overflow:hidden;padding:0;cursor:pointer;box-sizing:content-box\"><svg style=\"display:block;border-radius:999px;\" focusable=\"false\" aria-hidden=\"true\" xmlns=\"http:\/\/www.w3.org\/2000\/svg\" width=\"100%\" height=\"100%\" viewBox=\"-5 -5 42 42\"><path d=\"M17.78 27.5V17.008h3.522l.527-4.09h-4.05v-2.61c0-1.182.33-1.99 2.023-1.99h2.166V4.66c-.375-.05-1.66-.16-3.155-.16-3.123 0-5.26 1.905-5.26 5.405v3.016h-3.53v4.09h3.53V27.5h4.223z\" fill=\"#fff\"><\/path><\/svg><\/span><\/a><a style=\"padding:7.35px 0 !important\" class=\"heateor_sss_facebook_share\"><div class=\"fb-share-button\" data-href=\"http:\/\/parafiaostrowsko.info\/wordpress\/index.php\/duszpasterze\/\" data-layout=\"button\"><\/div><\/a><\/div><div class=\"heateorSssClear\"><\/div><\/div><div class='heateorSssClear'><\/div>","protected":false},"author":1,"featured_media":0,"parent":0,"menu_order":0,"comment_status":"closed","ping_status":"closed","template":"","meta":[],"_links":{"self":[{"href":"http:\/\/parafiaostrowsko.info\/wordpress\/index.php\/wp-json\/wp\/v2\/pages\/21"}],"collection":[{"href":"http:\/\/parafiaostrowsko.info\/wordpress\/index.php\/wp-json\/wp\/v2\/pages"}],"about":[{"href":"http:\/\/parafiaostrowsko.info\/wordpress\/index.php\/wp-json\/wp\/v2\/types\/page"}],"author":[{"embeddable":true,"href":"http:\/\/parafiaostrowsko.info\/wordpress\/index.php\/wp-json\/wp\/v2\/users\/1"}],"replies":[{"embeddable":true,"href":"http:\/\/parafiaostrowsko.info\/wordpress\/index.php\/wp-json\/wp\/v2\/comments?post=21"}],"version-history":[{"count":14,"href":"http:\/\/parafiaostrowsko.info\/wordpress\/index.php\/wp-json\/wp\/v2\/pages\/21\/revisions"}],"predecessor-version":[{"id":4731,"href":"http:\/\/parafiaostrowsko.info\/wordpress\/index.php\/wp-json\/wp\/v2\/pages\/21\/revisions\/4731"}],"wp:attachment":[{"href":"http:\/\/parafiaostrowsko.info\/wordpress\/index.php\/wp-json\/wp\/v2\/media?parent=21"}],"curies":[{"name":"wp","href":"https:\/\/api.w.org\/{rel}","templated":true}]}}