{"id":5,"date":"2020-08-20T17:07:26","date_gmt":"2020-08-20T15:07:26","guid":{"rendered":"http:\/\/parafiaostrowsko.info\/wordpress\/?page_id=5"},"modified":"2026-04-05T06:26:56","modified_gmt":"2026-04-05T04:26:56","slug":"strona-glowna","status":"publish","type":"page","link":"http:\/\/parafiaostrowsko.info\/wordpress\/","title":{"rendered":"Zapraszamy do naszej parafii"},"content":{"rendered":"<div id=\"metaslider-id-151\" style=\"max-width: 700px;\" class=\"ml-slider-3-20-3 metaslider metaslider-nivo metaslider-151 ml-slider\">\n    <div id=\"metaslider_container_151\">\n        <div class='slider-wrapper theme-default'><div class='ribbon'><\/div><div id='metaslider_151' class='nivoSlider'><a href=\"http:\/\/parafiaostrowsko.info\/wordpress\/index.php\/category\/ogloszenia-duszpasterskie\/\" target=\"_self\"><img src=\"http:\/\/parafiaostrowsko.info\/wordpress\/wp-content\/uploads\/2023\/04\/Ogloszenia-duszpasterskie-2023-300x128.png\" height=\"300\" width=\"700\" title=\"Og\u0142oszenia duszpasterskie 2023\" alt=\"\" class=\"slider-151 slide-154\" \/><\/a><a href=\"http:\/\/parafiaostrowsko.info\/wordpress\/index.php\/category\/intencje-mszalne\/\" target=\"_self\"><img src=\"http:\/\/parafiaostrowsko.info\/wordpress\/wp-content\/uploads\/2023\/04\/intencje-mszalne-2023-400x171.jpg\" height=\"300\" width=\"700\" title=\"intencje mszalne 2023\" alt=\"\" class=\"slider-151 slide-155\" \/><\/a><a href=\"http:\/\/parafiaostrowsko.info\/wordpress\/index.php\/zywy-rozaniec\/\" target=\"_self\"><img src=\"http:\/\/parafiaostrowsko.info\/wordpress\/wp-content\/uploads\/2026\/03\/rozaniec_okladka-do-artykulu-1-626x268.jpg\" height=\"300\" width=\"700\" data-caption=\"Zapraszamy Ci\u0119 do \u017bywego R&oacute;\u017ca\u0144ca w parafii\" title=\"rozaniec_okladka do artykulu 1\" alt=\"\" class=\"slider-151 slide-9609\" \/><\/a><\/div><\/div>\n        \n    <\/div>\n<\/div>\n\n\n<h5>\u00a0<\/h5>\n<p style=\"text-align: center;\">\u00a0<\/p>\n<p><img loading=\"lazy\" class=\" wp-image-9958 aligncenter\" src=\"http:\/\/parafiaostrowsko.info\/wordpress\/wp-content\/uploads\/2026\/04\/zyczenia-2026-1-281x300.jpg\" alt=\"\" width=\"699\" height=\"746\" srcset=\"http:\/\/parafiaostrowsko.info\/wordpress\/wp-content\/uploads\/2026\/04\/zyczenia-2026-1-281x300.jpg 281w, http:\/\/parafiaostrowsko.info\/wordpress\/wp-content\/uploads\/2026\/04\/zyczenia-2026-1-958x1024.jpg 958w, http:\/\/parafiaostrowsko.info\/wordpress\/wp-content\/uploads\/2026\/04\/zyczenia-2026-1-768x821.jpg 768w, http:\/\/parafiaostrowsko.info\/wordpress\/wp-content\/uploads\/2026\/04\/zyczenia-2026-1-1437x1536.jpg 1437w, http:\/\/parafiaostrowsko.info\/wordpress\/wp-content\/uploads\/2026\/04\/zyczenia-2026-1-1916x2048.jpg 1916w\" sizes=\"(max-width: 699px) 100vw, 699px\" \/><\/p>\n<p style=\"text-align: center;\">Wszystkim Parafianom &#8211; Go\u015bciom &#8211; Rodakom za granic\u0105\u00a0<br \/>\u017byczymy radosnego \u015bwi\u0119towania\u00a0 Zmartwychwstania Pa\u0144skiego i nowego lepszego \u017cycia.<\/p>\n<p style=\"text-align: right;\"><strong>Duszpasterze i Rada Parafialna<\/strong><\/p>\n\n\n<div class=\"wp-block-group alignwide\"><div class=\"wp-block-group__inner-container\">\n<p class=\"has-text-align-center\">wybierz kamer\u0119 z kt\u00f3rej chcesz obejrze\u0107 transmisj\u0119<\/p>\n<\/div><\/div>\n\n\n\n<div class=\"wp-block-columns\">\n<div class=\"wp-block-column\">\t\t\t\t\t<div style=\"width: 100%;padding-bottom: 56.25%;position: relative;\" class=\"\" >\r\n\t\t\t\t\t<div id=\"bradmax-player-69e7552f49f8a\" style=\"position: absolute;top: 0; bottom: 0; left: 0; right: 0;\"><\/div>\r\n\t\t\t\t<\/div>\r\n\t<script type=\"text\/javascript\">\r\n\t\tfunction bradmaxPlayerInit_69e7552f49f8a() {\r\n\t\t\tvar bradmaxPlayerConfig_69e7552f49f8a = {\"dataProvider\":{\"source\":[{\"url\":\"http:\\\/\\\/51.75.77.253:8080\\\/lifertsp\\\/index.m3u8\"}]}};\r\n\t\t\tvar element = document.getElementById(\"bradmax-player-69e7552f49f8a\");\r\n\t\t\tvar player = window.bradmax.player.create(element, bradmaxPlayerConfig_69e7552f49f8a);\r\n\t\t\t\/\/ Back compability.\r\n\t\t\tif(!window.player) {\r\n\t\t\t\twindow.player = player;\r\n\t\t\t}\r\n\t\t}\r\n\t\tif(window.bradmax && window.bradmax.player) {\r\n\t\t\tbradmaxPlayerInit_69e7552f49f8a();\r\n\t\t} else {\r\n\t\t\twindow.addEventListener('load', bradmaxPlayerInit_69e7552f49f8a);\r\n\t\t}\r\n\t<\/script>\n<\/div>\n\n\n\n<div class=\"wp-block-column\">\t\t\t\t\t<div style=\"width: 100%;padding-bottom: 56.25%;position: relative;\" class=\"\" >\r\n\t\t\t\t\t<div id=\"bradmax-player-69e7552f49fac\" style=\"position: absolute;top: 0; bottom: 0; left: 0; right: 0;\"><\/div>\r\n\t\t\t\t<\/div>\r\n\t<script type=\"text\/javascript\">\r\n\t\tfunction bradmaxPlayerInit_69e7552f49fac() {\r\n\t\t\tvar bradmaxPlayerConfig_69e7552f49fac = {\"dataProvider\":{\"source\":[{\"url\":\"http:\\\/\\\/51.75.77.253:8080\\\/polski\\\/index.m3u8\"}]}};\r\n\t\t\tvar element = document.getElementById(\"bradmax-player-69e7552f49fac\");\r\n\t\t\tvar player = window.bradmax.player.create(element, bradmaxPlayerConfig_69e7552f49fac);\r\n\t\t\t\/\/ Back compability.\r\n\t\t\tif(!window.player) {\r\n\t\t\t\twindow.player = player;\r\n\t\t\t}\r\n\t\t}\r\n\t\tif(window.bradmax && window.bradmax.player) {\r\n\t\t\tbradmaxPlayerInit_69e7552f49fac();\r\n\t\t} else {\r\n\t\t\twindow.addEventListener('load', bradmaxPlayerInit_69e7552f49fac);\r\n\t\t}\r\n\t<\/script>\n<\/div>\n<\/div>\n\n\n\n<div class=\"wp-block-columns\">\n<div class=\"wp-block-column\">\n\n\n<p><\/p>\n<\/div>\n\n\n\n<div class=\"wp-block-column\"><div class=\"vstrsnln-block\"><p>Visitors online \u2013 84<br \/>\nusers \u2013 16<br \/>\nguests \u2013 35<br \/>\nbots \u2013 33<br \/>\nThe maximum number of visits was \u2013 2026-03-20<br \/>\nall visitors \u2013 16983<br \/>\nusers \u2013 355<br \/>\nguests \u2013 16349<br \/>\nbots \u2013 279<\/p>\n<\/div>\n<\/div>\n\n\n\n<div class=\"wp-block-column\"><\/div>\n<\/div>\n\n\n\n<p><\/p>\n","protected":false},"excerpt":{"rendered":"<p>\u00a0 \u00a0 Wszystkim Parafianom &#8211; Go\u015bciom &#8211; Rodakom za granic\u0105\u00a0\u017byczymy radosnego \u015bwi\u0119towania\u00a0 Zmartwychwstania Pa\u0144skiego i nowego lepszego \u017cycia. Duszpasterze i Rada Parafialna<\/p>\n<div class='heateorSssClear'><\/div><div  class='heateor_sss_sharing_container heateor_sss_horizontal_sharing' data-heateor-sss-href='http:\/\/parafiaostrowsko.info\/wordpress\/'><div class='heateor_sss_sharing_title' style=\"font-weight:bold\" >Udost\u0119pnij<\/div><div class=\"heateor_sss_sharing_ul\"><a class=\"heateor_sss_facebook\" href=\"https:\/\/www.facebook.com\/sharer\/sharer.php?u=http%3A%2F%2Fparafiaostrowsko.info%2Fwordpress%2F\" title=\"Facebook\" rel=\"nofollow noopener\" target=\"_blank\" style=\"font-size:32px!important;box-shadow:none;display:inline-block;vertical-align:middle\"><span class=\"heateor_sss_svg\" style=\"background-color:#3c589a;width:35px;height:35px;border-radius:999px;display:inline-block;opacity:1;float:left;font-size:32px;box-shadow:none;display:inline-block;font-size:16px;padding:0 4px;vertical-align:middle;background-repeat:repeat;overflow:hidden;padding:0;cursor:pointer;box-sizing:content-box\"><svg style=\"display:block;border-radius:999px;\" focusable=\"false\" aria-hidden=\"true\" xmlns=\"http:\/\/www.w3.org\/2000\/svg\" width=\"100%\" height=\"100%\" viewBox=\"-5 -5 42 42\"><path d=\"M17.78 27.5V17.008h3.522l.527-4.09h-4.05v-2.61c0-1.182.33-1.99 2.023-1.99h2.166V4.66c-.375-.05-1.66-.16-3.155-.16-3.123 0-5.26 1.905-5.26 5.405v3.016h-3.53v4.09h3.53V27.5h4.223z\" fill=\"#fff\"><\/path><\/svg><\/span><\/a><a style=\"padding:7.35px 0 !important\" class=\"heateor_sss_facebook_share\"><div class=\"fb-share-button\" data-href=\"http:\/\/parafiaostrowsko.info\/wordpress\/\" data-layout=\"button\"><\/div><\/a><\/div><div class=\"heateorSssClear\"><\/div><\/div><div class='heateorSssClear'><\/div>","protected":false},"author":1,"featured_media":0,"parent":0,"menu_order":0,"comment_status":"closed","ping_status":"closed","template":"","meta":[],"_links":{"self":[{"href":"http:\/\/parafiaostrowsko.info\/wordpress\/index.php\/wp-json\/wp\/v2\/pages\/5"}],"collection":[{"href":"http:\/\/parafiaostrowsko.info\/wordpress\/index.php\/wp-json\/wp\/v2\/pages"}],"about":[{"href":"http:\/\/parafiaostrowsko.info\/wordpress\/index.php\/wp-json\/wp\/v2\/types\/page"}],"author":[{"embeddable":true,"href":"http:\/\/parafiaostrowsko.info\/wordpress\/index.php\/wp-json\/wp\/v2\/users\/1"}],"replies":[{"embeddable":true,"href":"http:\/\/parafiaostrowsko.info\/wordpress\/index.php\/wp-json\/wp\/v2\/comments?post=5"}],"version-history":[{"count":306,"href":"http:\/\/parafiaostrowsko.info\/wordpress\/index.php\/wp-json\/wp\/v2\/pages\/5\/revisions"}],"predecessor-version":[{"id":9962,"href":"http:\/\/parafiaostrowsko.info\/wordpress\/index.php\/wp-json\/wp\/v2\/pages\/5\/revisions\/9962"}],"wp:attachment":[{"href":"http:\/\/parafiaostrowsko.info\/wordpress\/index.php\/wp-json\/wp\/v2\/media?parent=5"}],"curies":[{"name":"wp","href":"https:\/\/api.w.org\/{rel}","templated":true}]}}