{"id":71,"date":"2020-08-20T18:02:36","date_gmt":"2020-08-20T16:02:36","guid":{"rendered":"http:\/\/parafiaostrowsko.info\/wordpress\/?page_id=71"},"modified":"2021-05-01T11:42:55","modified_gmt":"2021-05-01T09:42:55","slug":"chrzest","status":"publish","type":"page","link":"http:\/\/parafiaostrowsko.info\/wordpress\/index.php\/chrzest\/","title":{"rendered":"Chrzest"},"content":{"rendered":"<div class=\"art-postcontent clearfix\">\n<div class=\"art-article\">\n<p><strong><img class=\"aligncenter\" src=\"http:\/\/www.parafiamilosierdzie.tbg.net.pl\/images\/pliki\/chrzest-serce.png\" alt=\"chrzest-serce\" \/><\/strong><\/p>\n<p><strong>Dokumenty potrzebne do Sakramentu Chrztu \u015awi\u0119tego dziecka:<\/strong><\/p>\n<ul>\n<li>Akt Urodzenia dziecka \u2013 orygina\u0142.<\/li>\n<li>Dane personalne rodzic\u00f3w \u2013 dow\u00f3d osobisty.<\/li>\n<li>Dane personalne rodzic\u00f3w chrzestnych \u2013 dow\u00f3d osobisty.<\/li>\n<li>\u015awiadectwa Moralno\u015bci Rodzic\u00f3w Chrzestnych \u2013 wydawane w parafii ich zamieszkania.<\/li>\n<\/ul>\n<p>Je\u015bli Rodzice nie mieszkaj\u0105 na terenie naszej Parafii wymagana jest pisemna zgoda na Chrzest dziecka z Parafii miejsca zamieszkania.<\/p>\n<p><strong>Wa\u017cne:<\/strong><\/p>\n<ul>\n<li>Zapisu do Ksi\u0119gi Chrzt\u00f3w, ze wszystkimi wy\u017cej wymienionymi dokumentami, dokonujemy w Kancelarii Parafialnej.<\/li>\n<li style=\"text-align: left;\">Do obrz\u0119du chrztu wymagana jest \u015bwieca i bia\u0142a szata. Dobrym zwyczajem jest, aby o \u015bwiec\u0119 zadba\u0142 ojciec chrzestny, a o bia\u0142\u0105 szatk\u0119 matka chrzestna.<\/li>\n<\/ul>\n<h2 style=\"text-align: center;\">Uroczysty chrzest dzieci odbywa si\u0119 <br \/>w niedziel\u0119 podczas Mszy \u015bw. <br \/>o godz. 11:00.<\/h2>\n<p><strong><img class=\"aligncenter\" src=\"http:\/\/www.parafiamilosierdzie.tbg.net.pl\/images\/pliki\/chrzest-baby1.png\" alt=\"chrzest-baby1\" \/>Rodzicami chrzestnymi mog\u0105 by\u0107:<\/strong><\/p>\n<ul>\n<li>osoby wierz\u0105ce, praktykuj\u0105ce, \u017cyj\u0105ce w katolickim zwi\u0105zku ma\u0142\u017ce\u0144skim.<\/li>\n<li>m\u0142odzie\u017c od 16 roku \u017cycia, bierzmowana uczestnicz\u0105ca w katechizacji.<\/li>\n<\/ul>\n<p><strong>Rodzicami chrzestnymi nie mog\u0105 by\u0107:<\/strong><\/p>\n<ul>\n<li>niewierz\u0105cy czy osoby innej wiary,<\/li>\n<li>osoby niepraktykuj\u0105ce,<\/li>\n<li>\u017cyj\u0105cy na kontrakcie cywilnym lub bez \u017cadnego \u015blubu,<\/li>\n<li>osoby, kt\u00f3re nie przyj\u0119\u0142y sakramentu bierzmowania.<\/li>\n<\/ul>\n<h1>\u00a0<\/h1>\n<h1 style=\"text-align: center;\">Kodeks Prawa Kanonicznego <br \/>o Chrzcie \u015bwi\u0119tym\u00a0<br \/>\/wybrane fragmenty\/<\/h1>\n<h1><img class=\"aligncenter\" src=\"http:\/\/www.parafiamilosierdzie.tbg.net.pl\/images\/pliki\/chrzest-ksiega.gif\" alt=\"chrzest-ksiega\" \/><\/h1>\n<h2>Sprawowanie Chrztu<\/h2>\n<p><strong>Kan. 851.\u00a0<\/strong>Sprawowanie chrztu powinno by\u0107 odpowiednio przygotowane, dlatego:<br \/><strong>1\u00b0<\/strong> doros\u0142y zamierzaj\u0105cy przyj\u0105\u0107 chrzest winien by\u0107 dopuszczony do katechumenatu i wedle mo\u017cno\u015bci przez r\u00f3\u017cne stopnie doprowadzony do wtajemniczenia sakramentalnego, zgodnie z obrz\u0119dem wtajemniczenia przystosowanym przez Konferencj\u0119 Episkopatu oraz ze szczeg\u00f3\u0142owymi przepisami przez ni\u0105 wydanymi;<br \/><strong>2\u00b0<\/strong> rodzice dziecka chrzczonego, jak r\u00f3wnie\u017c chrzestni, powinni by\u0107 nale\u017cycie pouczeni o znaczeniu tego sakramentu i o zwi\u0105zanych z nim obowi\u0105zkach. Proboszcz winien osobi\u015bcie lub przez innych zatroszczy\u0107 si\u0119, a\u017ceby rodzic\u00f3w w\u0142a\u015bciwie przygotowa\u0107 pasterskimi pouczeniami a tak\u017ce wsp\u00f3ln\u0105 modlitw\u0105, zbieraj\u0105c razem po kilka rodzin oraz, gdy to mo\u017cliwe, sk\u0142adaj\u0105c im wizyt\u0119.<\/p>\n<p><strong>Kan. 854.\u00a0<\/strong>Chrztu udziela si\u0119 b\u0105d\u017a przez zanurzenie, b\u0105d\u017a przez polanie, z zachowaniem przepis\u00f3w wydanych przez Konferencj\u0119 Episkopatu.<\/p>\n<p><strong>Kan. 855.\u00a0<\/strong>Rodzice, chrzestni i proboszcz powinni troszczy\u0107 si\u0119, by nie nadawa\u0107 imienia obcego duchowi chrze\u015bcija\u0144skiemu.<br \/>K<strong>an. 857.\u00a0<br \/><\/strong><strong>\u00a7 1.<\/strong> Poza wypadkiem konieczno\u015bci, w\u0142a\u015bciwym miejscem chrztu jest ko\u015bci\u00f3\u0142 lub kaplica.<br \/><strong>\u00a7 2.<\/strong> Nale\u017cy uwa\u017ca\u0107 za regu\u0142\u0119, \u017ce doros\u0142y ma przyjmowa\u0107 chrzest we w\u0142asnym ko\u015bciele parafialnym, dziecko za\u015b w ko\u015bciele parafialnym jego rodzic\u00f3w, chyba \u017ce co innego doradza s\u0142uszna przyczyna.<\/p>\n<h2>Szafarz Chrztu<\/h2>\n<p><strong>Kan. 861. <br \/>\u00a7 1.<\/strong> Zwyczajnym szafarzem chrztu jest biskup, prezbiter i diakon, z zachowaniem przepisu kan. 530, n. 1.<br \/><strong>\u00a7 2.<\/strong> Gdy szafarz zwyczajny jest nieobecny lub ma przeszkod\u0119, chrztu godziwie udziela katecheta albo inna osoba wyznaczona do tej funkcji przez ordynariusza miejsca, a w wypadku konieczno\u015bci ka\u017cdy cz\u0142owiek, maj\u0105cy w\u0142a\u015bciw\u0105 intencj\u0119. Duszpasterze, zw\u0142aszcza za\u015b proboszcz, powinni zatroszczy\u0107 si\u0119 o to, aby wierni zostali pouczeni o prawid\u0142owym udzielaniu chrztu.<\/p>\n<h2>Przyjmuj\u0105cy Chrzest<\/h2>\n<p><strong>Kan. 864.<\/strong> Zdatnym do przyj\u0119cia chrztu jest ka\u017cdy cz\u0142owiek, jeszcze nie ochrzczony.<\/p>\n<p><strong>Kan. 865. <br \/>\u00a7 1.<\/strong> Aby doros\u0142y m\u00f3g\u0142 by\u0107 ochrzczony, powinien wyrazi\u0107 wol\u0119 przyj\u0119cia chrztu, by\u0107 odpowiednio pouczony o prawdach wiary i obowi\u0105zkach chrze\u015bcija\u0144skich oraz przej\u015b\u0107 praktyk\u0119 \u017cycia chrze\u015bcija\u0144skiego w katechumenacie. Ma by\u0107 r\u00f3wnie\u017c pouczony o konieczno\u015bci \u017calu za grzechy.<br \/><strong>\u00a7 2.<\/strong> Doros\u0142y, znajduj\u0105cy si\u0119 w niebezpiecze\u0144stwie \u015bmierci, mo\u017ce by\u0107 ochrzczony, je\u015bli maj\u0105c jak\u0105\u015b znajomo\u015b\u0107 g\u0142\u00f3wnych prawd wiary, ujawni w jakikolwiek spos\u00f3b intencj\u0119 przyj\u0119cia chrztu i przyrzeknie, \u017ce b\u0119dzie zachowywa\u0142 nakazy chrze\u015bcija\u0144skiej religii.<\/p>\n<p><strong>Kan. 867. <br \/>\u00a7 1.<\/strong> Rodzice maj\u0105 obowi\u0105zek troszczy\u0107 si\u0119, a\u017ceby ich dzieci zosta\u0142y ochrzczone w pierwszych tygodniach; mo\u017cliwie najszybciej po urodzeniu, a nawet jeszcze przed nim powinni si\u0119 uda\u0107 do proboszcza, by prosi\u0107 o sakrament dla dziecka i odpowiednio do niego si\u0119 przygotowa\u0107.<br \/><strong>\u00a7 2.<\/strong> Je\u015bli dziecko znajduje si\u0119 w niebezpiecze\u0144stwie \u015bmierci, powinno by\u0107 natychmiast ochrzczone.<\/p>\n<p><strong>Kan. 868. <br \/>\u00a7 1.<\/strong> Do godziwego ochrzczenia dziecka wymaga si\u0119:<br \/><strong>1\u00b0<\/strong> aby zgodzili si\u0119 rodzice lub przynajmniej jedno z nich, lub ci, kt\u00f3rzy prawnie ich zast\u0119puj\u0105;<br \/><strong>2\u00b0<\/strong> aby istnia\u0142a uzasadniona nadzieja, \u017ce dziecko b\u0119dzie wychowane po katolicku; je\u015bli jej zupe\u0142nie nie ma, chrzest nale\u017cy od\u0142o\u017cy\u0107 zgodnie z postanowieniami prawa partykularnego, powiadamiaj\u0105c rodzic\u00f3w o przyczynie.<br \/><strong>\u00a7 2.<\/strong> Dziecko rodzic\u00f3w katolickich, a nawet i niekatolickich, znajduj\u0105ce si\u0119 w niebezpiecze\u0144stwie \u015bmierci, jest godziwie chrzczone, nawet wbrew woli rodzic\u00f3w.<\/p>\n<p><strong>Kan. 871.<\/strong>\u00a0 P\u0142ody poronione, je\u015bli \u017cyj\u0105, nale\u017cy, je\u015bli to mo\u017cliwe, chrzci\u0107.<\/p>\n<h2>Chrzestni<\/h2>\n<p><strong>Kan. 872.<\/strong> Przyjmuj\u0105cy chrzest powinien mie\u0107, je\u015bli to mo\u017cliwe, chrzestnego. Ma on doros\u0142emu towarzyszy\u0107 w chrze\u015bcija\u0144skim wtajemniczeniu, a dziecko wraz z rodzicami przedstawia\u0107 do chrztu oraz pomaga\u0107, \u017ceby ochrzczony prowadzi\u0142 \u017cycie chrze\u015bcija\u0144skie odpowiadaj\u0105ce przyj\u0119temu sakramentowi i wype\u0142nia\u0142 wiernie z\u0142\u0105czone z nim obowi\u0105zki.<\/p>\n<p><strong>Kan. 873.<\/strong> Nale\u017cy wybra\u0107 jednego tylko chrzestnego lub chrzestn\u0105, albo dwoje chrzestnych.<\/p>\n<p><strong>Kan. 874. <br \/>\u00a7 1.<\/strong> Do przyj\u0119cia zadania chrzestnego mo\u017ce by\u0107 dopuszczony ten, kto:<br \/><strong>1\u00b0<\/strong> jest wyznaczony przez przyjmuj\u0105cego chrzest albo przez jego rodzic\u00f3w, albo przez tego, kto ich zast\u0119puje, a gdy tych nie ma, przez proboszcza lub szafarza chrztu, i posiada wymagane do tego kwalifikacje oraz intencj\u0119 pe\u0142nienia tego zadania;<br \/><strong>2\u00b0<\/strong> uko\u0144czy\u0142 szesna\u015bcie lat, chyba \u017ce biskup diecezjalny okre\u015bli\u0142 inny wiek albo proboszcz lub szafarz jest zdania, \u017ce s\u0142uszna przyczyna zaleca dopuszczenie wyj\u0105tku;<br \/><strong>3\u00b0<\/strong> jest katolikiem, bierzmowanym i przyj\u0105\u0142 ju\u017c sakrament Naj\u015bwi\u0119tszej Eucharystii oraz prowadzi \u017cycie zgodne z wiar\u0105 i odpowiadaj\u0105ce funkcji, jak\u0105 ma pe\u0142ni\u0107;<br \/><strong>4\u00b0<\/strong> jest wolny od jakiejkolwiek kary kanonicznej, zgodnie z prawem wymierzonej lub deklarowanej;<br \/><strong>5\u00b0<\/strong> nie jest ojcem lub matk\u0105 przyjmuj\u0105cego chrzest.<br \/><strong>\u00a7 2.<\/strong> Ochrzczony, nale\u017c\u0105cy do niekatolickiej wsp\u00f3lnoty ko\u015bcielnej, mo\u017ce by\u0107 dopuszczony tylko razem z chrzestnym katolikiem i to jedynie jako \u015bwiadek chrztu.<\/p>\n<h2>Stwierdzenie i zapisanie przyj\u0119tego chrztu<\/h2>\n<p><strong>Kan. 875.<\/strong> Udzielaj\u0105cy chrztu powinien zatroszczy\u0107 si\u0119, je\u015bli nie ma chrzestnego, a\u017ceby by\u0142 przynajmniej jeden \u015bwiadek, kt\u00f3ry by m\u00f3g\u0142 stwierdzi\u0107 udzielenie chrztu.<\/p>\n<p><strong>Kan. 876.<\/strong> Do udowodnienia chrztu, je\u015bli to nie przynosi nikomu szkody, wystarczy o\u015bwiadczenie jednego wiarygodnego \u015bwiadka albo przysi\u0119ga samego ochrzczonego, gdy przyjmowa\u0142 chrzest jako doros\u0142y.<\/p>\n<p><strong>Kan. 878.<\/strong> Je\u015bli chrzest nie by\u0142 udzielony przez proboszcza ani te\u017c w jego obecno\u015bci, wtedy szafarz chrztu, kimkolwiek jest, ma obowi\u0105zek powiadomi\u0107 proboszcza parafii, na terenie kt\u00f3rej udzielono chrztu, aby m\u00f3g\u0142 zapisa\u0107 chrzest, zgodnie z kan. 877, \u00a7 1.<\/p>\n<p><img class=\"aligncenter\" src=\"http:\/\/www.parafiamilosierdzie.tbg.net.pl\/images\/pliki\/chrzest-baby2.png.jpg\" alt=\"chrzest-baby2.png\" \/><\/p>\n<\/div>\n<\/div>\n\n\n<div class=\"wp-block-columns\">\n<div class=\"wp-block-column\"><\/div>\n\n\n\n<div class=\"wp-block-column\"><\/div>\n\n\n\n<div class=\"wp-block-column\"><\/div>\n<\/div>\n\n\n","protected":false},"excerpt":{"rendered":"<p>Dokumenty potrzebne do Sakramentu Chrztu \u015awi\u0119tego dziecka: Akt Urodzenia dziecka \u2013 orygina\u0142. Dane personalne rodzic\u00f3w \u2013 dow\u00f3d osobisty. Dane personalne rodzic\u00f3w chrzestnych \u2013 dow\u00f3d osobisty. \u015awiadectwa Moralno\u015bci Rodzic\u00f3w Chrzestnych \u2013 wydawane w parafii ich&#46;&#46;&#46;<\/p>\n<div class='heateorSssClear'><\/div><div  class='heateor_sss_sharing_container heateor_sss_horizontal_sharing' data-heateor-sss-href='http:\/\/parafiaostrowsko.info\/wordpress\/index.php\/chrzest\/'><div class='heateor_sss_sharing_title' style=\"font-weight:bold\" >Udost\u0119pnij<\/div><div class=\"heateor_sss_sharing_ul\"><a class=\"heateor_sss_facebook\" href=\"https:\/\/www.facebook.com\/sharer\/sharer.php?u=http%3A%2F%2Fparafiaostrowsko.info%2Fwordpress%2Findex.php%2Fchrzest%2F\" title=\"Facebook\" rel=\"nofollow noopener\" target=\"_blank\" style=\"font-size:32px!important;box-shadow:none;display:inline-block;vertical-align:middle\"><span class=\"heateor_sss_svg\" style=\"background-color:#3c589a;width:35px;height:35px;border-radius:999px;display:inline-block;opacity:1;float:left;font-size:32px;box-shadow:none;display:inline-block;font-size:16px;padding:0 4px;vertical-align:middle;background-repeat:repeat;overflow:hidden;padding:0;cursor:pointer;box-sizing:content-box\"><svg style=\"display:block;border-radius:999px;\" focusable=\"false\" aria-hidden=\"true\" xmlns=\"http:\/\/www.w3.org\/2000\/svg\" width=\"100%\" height=\"100%\" viewBox=\"-5 -5 42 42\"><path d=\"M17.78 27.5V17.008h3.522l.527-4.09h-4.05v-2.61c0-1.182.33-1.99 2.023-1.99h2.166V4.66c-.375-.05-1.66-.16-3.155-.16-3.123 0-5.26 1.905-5.26 5.405v3.016h-3.53v4.09h3.53V27.5h4.223z\" fill=\"#fff\"><\/path><\/svg><\/span><\/a><a style=\"padding:7.35px 0 !important\" class=\"heateor_sss_facebook_share\"><div class=\"fb-share-button\" data-href=\"http:\/\/parafiaostrowsko.info\/wordpress\/index.php\/chrzest\/\" data-layout=\"button\"><\/div><\/a><\/div><div class=\"heateorSssClear\"><\/div><\/div><div class='heateorSssClear'><\/div>","protected":false},"author":1,"featured_media":0,"parent":0,"menu_order":0,"comment_status":"closed","ping_status":"closed","template":"","meta":[],"_links":{"self":[{"href":"http:\/\/parafiaostrowsko.info\/wordpress\/index.php\/wp-json\/wp\/v2\/pages\/71"}],"collection":[{"href":"http:\/\/parafiaostrowsko.info\/wordpress\/index.php\/wp-json\/wp\/v2\/pages"}],"about":[{"href":"http:\/\/parafiaostrowsko.info\/wordpress\/index.php\/wp-json\/wp\/v2\/types\/page"}],"author":[{"embeddable":true,"href":"http:\/\/parafiaostrowsko.info\/wordpress\/index.php\/wp-json\/wp\/v2\/users\/1"}],"replies":[{"embeddable":true,"href":"http:\/\/parafiaostrowsko.info\/wordpress\/index.php\/wp-json\/wp\/v2\/comments?post=71"}],"version-history":[{"count":11,"href":"http:\/\/parafiaostrowsko.info\/wordpress\/index.php\/wp-json\/wp\/v2\/pages\/71\/revisions"}],"predecessor-version":[{"id":6812,"href":"http:\/\/parafiaostrowsko.info\/wordpress\/index.php\/wp-json\/wp\/v2\/pages\/71\/revisions\/6812"}],"wp:attachment":[{"href":"http:\/\/parafiaostrowsko.info\/wordpress\/index.php\/wp-json\/wp\/v2\/media?parent=71"}],"curies":[{"name":"wp","href":"https:\/\/api.w.org\/{rel}","templated":true}]}}