{"id":73,"date":"2020-08-20T18:04:50","date_gmt":"2020-08-20T16:04:50","guid":{"rendered":"http:\/\/parafiaostrowsko.info\/wordpress\/?page_id=73"},"modified":"2021-05-01T11:43:56","modified_gmt":"2021-05-01T09:43:56","slug":"eucharystia","status":"publish","type":"page","link":"http:\/\/parafiaostrowsko.info\/wordpress\/index.php\/eucharystia\/","title":{"rendered":"Eucharystia"},"content":{"rendered":"\n<p><img loading=\"lazy\" width=\"227\" height=\"250\" src=\"http:\/\/www.parafiamilosierdzie.tbg.net.pl\/images\/pliki\/euch_1.png\" alt=\"euch 1\">Przyj\u0119cie I Komunii \u015bwi\u0119tej przez dzieci odbywa si\u0119 w trzeciej klasie szko\u0142y podstawowej i poprzedzone jest rocznym przygotowaniem poprzez katechez\u0119 szkoln\u0105 i spotkania w parafii. Dzieci przyjmuj\u0105&nbsp;I Komuni\u0119 \u015bwi\u0119t\u0105 w parafii do kt\u00f3rej przynale\u017c\u0105.&nbsp;<\/p>\n\n\n\n<p class=\"has-text-align-center has-medium-font-size\"><strong>Kodeks Prawa Kanonicznego <\/strong><br><strong>o Naj\u015bwi\u0119tszej Eucharystii <\/strong><br><strong>\/wybrane fragmenty\/<\/strong><\/p>\n\n\n\n<p><strong>Kan. 912.<\/strong> Ka\u017cdy ochrzczony, je\u015bli tylko prawo tego nie zabrania, mo\u017ce i powinien by\u0107 dopuszczony do Komunii \u015bwi\u0119tej.<\/p>\n\n\n\n<p><strong>Kan. 913. <\/strong><br><strong>\u00a7 1.<\/strong> Dzieci wtedy mo\u017cna dopu\u015bci\u0107 do Komunii \u015bwi\u0119tej, gdy posiadaj\u0105 wystarczaj\u0105ce rozeznanie i s\u0105 dok\u0142adnie przygotowane, tak by stosownie do swojej mo\u017cliwo\u015bci rozumia\u0142y tajemnic\u0119 Chrystusa oraz mog\u0142y z wiar\u0105 i pobo\u017cno\u015bci\u0105 przyj\u0105\u0107 Cia\u0142o Chrystusa.<\/p>\n\n\n\n<p><strong>\u00a7 2.<\/strong> Jednak\u017ce dzieciom znajduj\u0105cym si\u0119 w niebezpiecze\u0144stwie \u015bmierci wolno udzieli\u0107 Naj\u015bwi\u0119tszej Eucharystii, gdy potrafi\u0105 odr\u00f3\u017cni\u0107 Cia\u0142o Chrystusa od zwyk\u0142ego chleba i mog\u0105 z szacunkiem przyj\u0105\u0107 Komuni\u0119 \u015bwi\u0119t\u0105.<\/p>\n\n\n\n<p><strong>Kan. 914<\/strong>. Jest przede wszystkim obowi\u0105zkiem rodzic\u00f3w oraz tych, kt\u00f3rzy ich zast\u0119puj\u0105, jak r\u00f3wnie\u017c proboszcza troszczy\u0107 si\u0119, a\u017ceby dzieci, po doj\u015bciu do u\u017cywania rozumu, zosta\u0142y odpowiednio przygotowane i jak najszybciej posili\u0142y si\u0119 tym Bo\u017cym pokarmem, po uprzedniej sakramentalnej spowiedzi. Do proboszcza nale\u017cy r\u00f3wnie\u017c czuwa\u0107 nad tym, by do Sto\u0142u Pa\u0144skiego nie dopuszcza\u0107 dzieci, kt\u00f3re nie osi\u0105gn\u0119\u0142y u\u017cywania rozumu albo jego zdaniem nie s\u0105 wystarczaj\u0105co przygotowane.<\/p>\n\n\n\n<div class=\"wp-block-image\"><figure class=\"aligncenter\"><img src=\"http:\/\/www.parafiamilosierdzie.tbg.net.pl\/images\/pliki\/euch_2.png\" alt=\"euch 2\"\/><\/figure><\/div>\n","protected":false},"excerpt":{"rendered":"<p>Przyj\u0119cie I Komunii \u015bwi\u0119tej przez dzieci odbywa si\u0119 w trzeciej klasie szko\u0142y podstawowej i poprzedzone jest rocznym przygotowaniem poprzez katechez\u0119 szkoln\u0105 i spotkania w parafii. Dzieci przyjmuj\u0105&nbsp;I Komuni\u0119 \u015bwi\u0119t\u0105 w parafii do kt\u00f3rej przynale\u017c\u0105.&nbsp;&#46;&#46;&#46;<\/p>\n<div class='heateorSssClear'><\/div><div  class='heateor_sss_sharing_container heateor_sss_horizontal_sharing' data-heateor-sss-href='http:\/\/parafiaostrowsko.info\/wordpress\/index.php\/eucharystia\/'><div class='heateor_sss_sharing_title' style=\"font-weight:bold\" >Udost\u0119pnij<\/div><div class=\"heateor_sss_sharing_ul\"><a class=\"heateor_sss_facebook\" href=\"https:\/\/www.facebook.com\/sharer\/sharer.php?u=http%3A%2F%2Fparafiaostrowsko.info%2Fwordpress%2Findex.php%2Feucharystia%2F\" title=\"Facebook\" rel=\"nofollow noopener\" target=\"_blank\" style=\"font-size:32px!important;box-shadow:none;display:inline-block;vertical-align:middle\"><span class=\"heateor_sss_svg\" style=\"background-color:#3c589a;width:35px;height:35px;border-radius:999px;display:inline-block;opacity:1;float:left;font-size:32px;box-shadow:none;display:inline-block;font-size:16px;padding:0 4px;vertical-align:middle;background-repeat:repeat;overflow:hidden;padding:0;cursor:pointer;box-sizing:content-box\"><svg style=\"display:block;border-radius:999px;\" focusable=\"false\" aria-hidden=\"true\" xmlns=\"http:\/\/www.w3.org\/2000\/svg\" width=\"100%\" height=\"100%\" viewBox=\"-5 -5 42 42\"><path d=\"M17.78 27.5V17.008h3.522l.527-4.09h-4.05v-2.61c0-1.182.33-1.99 2.023-1.99h2.166V4.66c-.375-.05-1.66-.16-3.155-.16-3.123 0-5.26 1.905-5.26 5.405v3.016h-3.53v4.09h3.53V27.5h4.223z\" fill=\"#fff\"><\/path><\/svg><\/span><\/a><a style=\"padding:7.35px 0 !important\" class=\"heateor_sss_facebook_share\"><div class=\"fb-share-button\" data-href=\"http:\/\/parafiaostrowsko.info\/wordpress\/index.php\/eucharystia\/\" data-layout=\"button\"><\/div><\/a><\/div><div class=\"heateorSssClear\"><\/div><\/div><div class='heateorSssClear'><\/div>","protected":false},"author":1,"featured_media":0,"parent":0,"menu_order":0,"comment_status":"closed","ping_status":"closed","template":"","meta":[],"_links":{"self":[{"href":"http:\/\/parafiaostrowsko.info\/wordpress\/index.php\/wp-json\/wp\/v2\/pages\/73"}],"collection":[{"href":"http:\/\/parafiaostrowsko.info\/wordpress\/index.php\/wp-json\/wp\/v2\/pages"}],"about":[{"href":"http:\/\/parafiaostrowsko.info\/wordpress\/index.php\/wp-json\/wp\/v2\/types\/page"}],"author":[{"embeddable":true,"href":"http:\/\/parafiaostrowsko.info\/wordpress\/index.php\/wp-json\/wp\/v2\/users\/1"}],"replies":[{"embeddable":true,"href":"http:\/\/parafiaostrowsko.info\/wordpress\/index.php\/wp-json\/wp\/v2\/comments?post=73"}],"version-history":[{"count":7,"href":"http:\/\/parafiaostrowsko.info\/wordpress\/index.php\/wp-json\/wp\/v2\/pages\/73\/revisions"}],"predecessor-version":[{"id":5415,"href":"http:\/\/parafiaostrowsko.info\/wordpress\/index.php\/wp-json\/wp\/v2\/pages\/73\/revisions\/5415"}],"wp:attachment":[{"href":"http:\/\/parafiaostrowsko.info\/wordpress\/index.php\/wp-json\/wp\/v2\/media?parent=73"}],"curies":[{"name":"wp","href":"https:\/\/api.w.org\/{rel}","templated":true}]}}