{"id":77,"date":"2020-08-20T18:07:56","date_gmt":"2020-08-20T16:07:56","guid":{"rendered":"http:\/\/parafiaostrowsko.info\/wordpress\/?page_id=77"},"modified":"2021-05-01T11:47:45","modified_gmt":"2021-05-01T09:47:45","slug":"kaplanstwo","status":"publish","type":"page","link":"http:\/\/parafiaostrowsko.info\/wordpress\/index.php\/kaplanstwo\/","title":{"rendered":"Kap\u0142a\u0144stwo"},"content":{"rendered":"\n<p class=\"has-text-align-center\"><img src=\"http:\/\/www.parafiamilosierdzie.tbg.net.pl\/images\/pliki\/kapl1.jpg\" alt=\"kapl1\" style=\"width: 200px;\"><\/p>\n\n\n\n<p class=\"has-text-align-left\">W wielu pos\u0142ugach dla wsp\u00f3lnoty sakrament kap\u0142a\u0144stwa ma szczeg\u00f3lne znaczenie. W Dziejach Apostolskich czytamy, \u017ce pewnego dnia wsp\u00f3lnota wierz\u0105cych wybra\u0142a siedmiu m\u0119\u017c\u00f3w \u201edobrej s\u0142awy, pe\u0142nych ducha i m\u0105dro\u015bci\u201d jako diakon\u00f3w wsp\u00f3lnoty, maj\u0105cych za zadanie wspomaganie Aposto\u0142\u00f3w w ich pracy. \u201ePrzedstawili ich Aposto\u0142om, kt\u00f3rzy modl\u0105c si\u0119 w\u0142o\u017cyli na nich r\u0119ce\u201d (Dz 6, 6). R\u00f3wnie\u017c z List\u00f3w do Tymoteusza dowiadujemy si\u0119 (1 Tm 4, 14 i 2 Tm 1, 6), \u017ce powierzanie urz\u0119du w Ko\u015bciele odbywa\u0142o si\u0119 przez wk\u0142adanie r\u0105k. W ten sam spos\u00f3b odbywa si\u0119 to tak\u017ce obecnie. M\u0119\u017cczyznom, kt\u00f3rzy czuj\u0105 si\u0119 powo\u0142ani do s\u0142u\u017cby wsp\u00f3lnocie, zlecaj\u0105 t\u0119 misj\u0119 biskupi &#8211; nast\u0119pcy Aposto\u0142\u00f3w &#8211; przez modlitw\u0119 i w\u0142o\u017cenie r\u0105k. Tym samym udzielaj\u0105 im sakramentu kap\u0142a\u0144stwa, \u015bwi\u0119ce\u0144 kap\u0142a\u0144skich. Je\u015bli kto\u015b otrzyma od Ko\u015bcio\u0142a urz\u0105d kap\u0142a\u0144ski, sprawuje go nie dla siebie, lecz dla Ko\u015bcio\u0142a. S\u0142u\u017cba Ko\u015bcio\u0142owi ma oczywi\u015bcie wp\u0142yw tak\u017ce na \u017cycie tego, kto j\u0105 pe\u0142ni. Odznacza si\u0119 ono sta\u0142\u0105 gotowo\u015bci\u0105 s\u0142u\u017cenia Ko\u015bcio\u0142owi i ludziom.&nbsp;<\/p>\n\n\n\n<p>W uroczysto\u015bci \u015bwi\u0119ce\u0144 uczestnicz\u0105 w miar\u0119 mo\u017cliwo\u015bci tak\u017ce inni kap\u0142ani. R\u00f3wnie\u017c oni k\u0142ad\u0105 r\u0119ce na nowo wy\u015bwi\u0119conych kap\u0142an\u00f3w. Tym symbolicznym gestem za\u015bwiadczaj\u0105 sw\u0105 przynale\u017cno\u015b\u0107 do urz\u0119du kap\u0142a\u0144skiego. Wsp\u00f3lnie z wy\u015bwi\u0119caj\u0105cym biskupem sprawuj\u0105 ofiar\u0119 mszy \u015bw., na znak tego, \u017ce wy\u015bwi\u0119ceni s\u0105 w swej pos\u0142udze przedstawicielami biskupa, dzia\u0142aj\u0105 z jego polecenia i przed nimi s\u0105 odpowiedzialni. Ze swej strony biskup troszczy si\u0119 o nich. W ten spos\u00f3b uczestnicz\u0105 oni w zadaniach i w\u0142adzy biskupa.<\/p>\n\n\n\n<p class=\"has-text-align-center\"><img src=\"http:\/\/www.parafiamilosierdzie.tbg.net.pl\/images\/pliki\/kapl2.jpg\" alt=\"kapl2\"><\/p>\n\n\n\n<p class=\"has-text-align-left\">Biskup, wsp\u00f3\u0142pracuj\u0105cy z kap\u0142anami i diakonami w swojej diecezji, otrzymuje \u015bwi\u0119cenia i w\u0142adz\u0119 biskupi\u0105 poprzez modlitw\u0119 i w\u0142o\u017cenie r\u0105k przez innych biskup\u00f3w. Wsp\u00f3lnota biskup\u00f3w w jedno\u015bci z biskupem Rzymu jest nieprzerwan\u0105 kontynuacj\u0105 Kolegium Apostolskiego w nauczaniu i pasterskim rz\u0105dzeniu Ko\u015bcio\u0142em. Tak wi\u0119c sakrament kap\u0142a\u0144stwa otrzymuj\u0105 ci, kt\u00f3rzy maj\u0105 s\u0142u\u017cy\u0107 Ko\u015bcio\u0142owi jako biskupi, kap\u0142ani i diakoni.<\/p>\n\n\n\n<p>Biskup jest cz\u0142onkiem Kolegium biskupiego i nast\u0119pc\u0105 Aposto\u0142\u00f3w. Kieruje on diecezj\u0105. Ponosi odpowiedzialno\u015b\u0107 za g\u0142oszenie s\u0142owa Bo\u017cego, oddawanie czci Bogu i za pos\u0142ug\u0119 bratersk\u0105 w swojej diecezji i w ca\u0142ym Ko\u015bciele. Poza tym bierzmuje, udziela \u015bwi\u0119ce\u0144 diakonom, kap\u0142anom i innym biskupom, po\u015bwi\u0119ca ko\u015bcio\u0142y.<\/p>\n\n\n\n<p>Kap\u0142ani kieruj\u0105 w imieniu biskupa parafiami jego diecezji, spe\u0142niaj\u0105 powierzone im przez niego zadania, g\u0142osz\u0105 s\u0142owo Bo\u017ce i nauczaj\u0105. Posiadaj\u0105 w\u0142adz\u0119 sprawowania Eucharystii, udzielania sakrament\u00f3w pokuty i namaszczenia chorych. Do ich pe\u0142nomocnictw nale\u017cy ponadto uroczyste udzielanie chrztu i asystowanie przy zawieraniu ma\u0142\u017ce\u0144stwa (oba wy\u017cej wymienione uprawnienia posiada r\u00f3wnie\u017c diakon). Wa\u017cnym zadaniem kap\u0142an\u00f3w jest r\u00f3wnie\u017c troska o potrzebuj\u0105cych i zabieganie o jedno\u015b\u0107 parafii.<\/p>\n\n\n\n<p>Diakoni s\u0142u\u017c\u0105 wiernym podczas nabo\u017ce\u0144stw, uczestnicz\u0105 w g\u0142oszeniu s\u0142owa Bo\u017cego i w nauczaniu, a tak\u017ce troszcz\u0105 si\u0119 o biednych i chorych. W parafiach, gdzie nie ma kap\u0142an\u00f3w, diakon przewodniczy liturgii s\u0142owa i udziela Komunii \u015bwi\u0119tej.<\/p>\n\n\n\n<h2>Warto wiedzie\u0107:<\/h2>\n\n\n\n<p><strong>Duchowie\u0144stwo<\/strong> (kler; \u0142ac. clerus od grec. kleros = los, udzia\u0142, w znaczeniu losem wybrany). Nazwa dla os\u00f3b szczeg\u00f3lnie po\u015bwi\u0119conych s\u0142u\u017cbie Bo\u017cej (por. Lb 18, 20). Og\u00f3lne okre\u015blenie wszystkich sakramentalnie wy\u015bwi\u0119conych m\u0119\u017cczyzn w Ko\u015bciele: diakon\u00f3w, kap\u0142an\u00f3w i biskup\u00f3w. Kobiety nie pe\u0142ni\u0105 urz\u0119d\u00f3w ko\u015bcielnych.<\/p>\n\n\n\n<p><strong>Kap\u0142an:<\/strong> Osoba duchowna spe\u0142niaj\u0105ca publicznie funkcje sakralne w domu Bo\u017cym lub zdolna do ich spe\u0142niania (sprawowanie mszy \u015bw., udzielanie sakrament\u00f3w \u015bw.). Sob\u00f3r watyka\u0144ski II g\u0142osi: Kap\u0142ani \u201ena mocy sakramentu kap\u0142a\u0144stwa wy\u015bwi\u0119cani s\u0105, aby g\u0142osi\u0107 Ewangeli\u0119, by\u0107 pasterzami wiernych i sprawowa\u0107 kult Bo\u017cy jako prawdziwi kap\u0142ani Nowego Testamentu\u201d (z Konstytucji dogmatycznej o Ko\u015bciele, 28). Ko\u015bci\u00f3\u0142 katolicki widzi w \u015bwi\u0119ceniach kap\u0142a\u0144skich dane przez Boga raz na zawsze powo\u0142anie. Dlatego s\u0105 one niepowtarzalne i nieodwo\u0142alne.<\/p>\n\n\n\n<p><strong>Prymicje:<\/strong> Pierwsza msza \u015bwi\u0119ta nowo wy\u015bwi\u0119conego kap\u0142ana, kt\u00f3r\u0105 odprawia przewa\u017cnie w swojej rodzinnej parafii.<br>Koncelebracja (\u0142ac. = wsp\u00f3\u0142odprawianie): Wsp\u00f3lna msza \u015bwi\u0119ta kilku kap\u0142an\u00f3w, np. biskupa z nowo wy\u015bwi\u0119conymi kap\u0142anami. Symbolizuje ona wsp\u00f3lnot\u0119 kap\u0142an\u00f3w mi\u0119dzy sob\u0105 i z biskupem, nast\u0119pc\u0105 Aposto\u0142\u00f3w.<\/p>\n\n\n\n<p><strong>Celibat<\/strong> (\u0142ac. = bez\u017cenny): Bez\u017ce\u0144stwo, do kt\u00f3rego zobowi\u0105zuje ksi\u0119\u017cy Ko\u015bcio\u0142a katolickiego prawo ko\u015bcielne. Decyzja ta jest w\u0142asnym wolnym wyborem kap\u0142ana &#8211; wyrazem jego pragnienia s\u0142u\u017cenia ca\u0142kowicie Bogu i ludziom. Celibat wymagany by\u0142 w Ko\u015bciele ju\u017c od IV wieku.<\/p>\n\n\n\n<p><strong>Diakon<\/strong> (grec. = us\u0142uguj\u0105cy): Urz\u0105d diakona, wspomniany ju\u017c w Dziejach Apostolskich odzyska\u0142 swe znaczenie w Ko\u015bciele katolickim dopiero przed kilkoma laty. Ma on o\u017cywi\u0107 na nowo bratersk\u0105 s\u0142u\u017cb\u0119 w Ko\u015bciele. R\u00f3wnie\u017c \u017conaci m\u0119\u017cczy\u017ani mog\u0105 otrzyma\u0107 \u015bwi\u0119cenia diakonatu, kt\u00f3re nie upowa\u017cniaj\u0105 jednak do odprawiania mszy \u015bwi\u0119tej i do udzielania sakramentu pokuty.<\/p>\n\n\n\n<p><strong>Powo\u0142anie duchowne:<\/strong> S\u0142owem tym okre\u015bla si\u0119 dzisiaj powo\u0142anie diakona, powo\u0142anie kap\u0142a\u0144skie, powo\u0142anie zakonne. Budzenie powo\u0142a\u0144 jest szczeg\u00f3ln\u0105 trosk\u0105 ca\u0142ego Ko\u015bcio\u0142a.<\/p>\n\n\n\n<p><strong>Lektor<\/strong> (\u0142ac. = czytaj\u0105cy komu\u015b g\u0142o\u015bno): Osoba odczytuj\u0105ca podczas nabo\u017ce\u0144stw i podczas mszy \u015bwi\u0119tej teksty biblijne. Odczytuje te\u017c wezwania modlitwy powszechnej. Urz\u0105d lektora si\u0119ga swymi pocz\u0105tkami pierwszych wiek\u00f3w Ko\u015bcio\u0142a.<\/p>\n\n\n\n<h1 class=\"has-text-align-center\">Kodeks Prawa Kanonicznego <br>o Kap\u0142a\u0144stwie<\/h1>\n\n\n\n<p class=\"has-text-align-center\">\/wybrane fragmenty\/<\/p>\n\n\n\n<p><br><strong>Kan. 1010<\/strong>. \u015awi\u0119ce\u0144 nale\u017cy udziela\u0107 podczas Mszy \u015bwi\u0119tej, w niedziel\u0119 lub \u015bwi\u0119to nakazane, lecz z racji duszpasterskich mo\u017cna ich udziela\u0107 tak\u017ce w inne dni, nie wy\u0142\u0105czaj\u0105c powszednich.<\/p>\n\n\n\n<p><strong>Kan. 1024<\/strong>. \u015awi\u0119cenia wa\u017cnie przyjmuje tylko m\u0119\u017cczyzna ochrzczony.<\/p>\n\n\n\n<p><br><strong>Kan. 1026<\/strong>. Wy\u015bwi\u0119ci\u0107 mo\u017cna tylko tego, kto cieszy si\u0119 nale\u017cyt\u0105 wolno\u015bci\u0105. Nie wolno zmusza\u0107 do przyj\u0119cia \u015bwi\u0119ce\u0144 w jakikolwiek spos\u00f3b i dla jakiejkolwiek przyczyny, ani kanonicznie odpowiedniego odwodzi\u0107 od ich przyj\u0119cia.<\/p>\n\n\n\n<p><br><strong>Kan. 1027<\/strong>. Kandydaci do diakonatu i prezbiteratu musz\u0105 by\u0107 uformowani przez dok\u0142adne przygotowanie, zgodnie z prawem.<\/p>\n\n\n\n<p><br><strong>Kan. 1028<\/strong>. Biskup diecezjalny lub kompetentny prze\u0142o\u017cony ma si\u0119 troszczy\u0107, by kandydaci, zanim zostan\u0105 dopuszczeni do okre\u015blonego \u015bwi\u0119cenia, zostali nale\u017cycie pouczeni o samym \u015bwi\u0119ceniu oraz o zwi\u0105zanych z nim obowi\u0105zkach.<\/p>\n\n\n\n<p><br><strong>Kan. 1029<\/strong>. Do \u015bwi\u0119ce\u0144 nale\u017cy dopuszcza\u0107 jedynie tych, kt\u00f3rzy &#8211; wed\u0142ug roztropnej oceny w\u0142asnego biskupa albo kompetentnego prze\u0142o\u017conego wy\u017cszego &#8211; po rozwa\u017ceniu wszystkich okoliczno\u015bci, maj\u0105 nieska\u017con\u0105 wiar\u0119, kieruj\u0105 si\u0119 prawid\u0142ow\u0105 intencj\u0105, posiadaj\u0105 wymagan\u0105 wiedz\u0119, ciesz\u0105 si\u0119 dobr\u0105 opini\u0105, maj\u0105 nienaganne obyczaje, wypr\u00f3bowane cnoty, jak r\u00f3wnie\u017c inne przymioty fizyczne i psychiczne, odpowiadaj\u0105ce przyjmowanemu \u015bwi\u0119ceniu.<\/p>\n\n\n\n<p><br><strong>Kan. 1030<\/strong>. Jedynie na skutek kanonicznej przyczyny, chocia\u017c tajnej, w\u0142asny biskup lub kompetentny prze\u0142o\u017cony wy\u017cszy mo\u017ce zabroni\u0107 przyst\u0105pienia do prezbiteratu w\u0142asnym diakonom, przeznaczonym do kap\u0142a\u0144stwa, z zachowaniem mo\u017cno\u015bci wniesienia rekursu, zgodnie z prawem.<\/p>\n\n\n\n<div class=\"wp-block-image\"><figure class=\"aligncenter\"><img src=\"http:\/\/www.parafiamilosierdzie.tbg.net.pl\/images\/pliki\/kapl5.jpg\" alt=\"kapl5\"\/><\/figure><\/div>\n\n\n\n<div class=\"wp-block-columns\">\n<div class=\"wp-block-column\"><\/div>\n\n\n\n<div class=\"wp-block-column\"><\/div>\n\n\n\n<div class=\"wp-block-column\"><\/div>\n<\/div>\n\n\n","protected":false},"excerpt":{"rendered":"<p>W wielu pos\u0142ugach dla wsp\u00f3lnoty sakrament kap\u0142a\u0144stwa ma szczeg\u00f3lne znaczenie. W Dziejach Apostolskich czytamy, \u017ce pewnego dnia wsp\u00f3lnota wierz\u0105cych wybra\u0142a siedmiu m\u0119\u017c\u00f3w \u201edobrej s\u0142awy, pe\u0142nych ducha i m\u0105dro\u015bci\u201d jako diakon\u00f3w wsp\u00f3lnoty, maj\u0105cych za zadanie&#46;&#46;&#46;<\/p>\n<div class='heateorSssClear'><\/div><div  class='heateor_sss_sharing_container heateor_sss_horizontal_sharing' data-heateor-sss-href='http:\/\/parafiaostrowsko.info\/wordpress\/index.php\/kaplanstwo\/'><div class='heateor_sss_sharing_title' style=\"font-weight:bold\" >Udost\u0119pnij<\/div><div class=\"heateor_sss_sharing_ul\"><a class=\"heateor_sss_facebook\" href=\"https:\/\/www.facebook.com\/sharer\/sharer.php?u=http%3A%2F%2Fparafiaostrowsko.info%2Fwordpress%2Findex.php%2Fkaplanstwo%2F\" title=\"Facebook\" rel=\"nofollow noopener\" target=\"_blank\" style=\"font-size:32px!important;box-shadow:none;display:inline-block;vertical-align:middle\"><span class=\"heateor_sss_svg\" style=\"background-color:#3c589a;width:35px;height:35px;border-radius:999px;display:inline-block;opacity:1;float:left;font-size:32px;box-shadow:none;display:inline-block;font-size:16px;padding:0 4px;vertical-align:middle;background-repeat:repeat;overflow:hidden;padding:0;cursor:pointer;box-sizing:content-box\"><svg style=\"display:block;border-radius:999px;\" focusable=\"false\" aria-hidden=\"true\" xmlns=\"http:\/\/www.w3.org\/2000\/svg\" width=\"100%\" height=\"100%\" viewBox=\"-5 -5 42 42\"><path d=\"M17.78 27.5V17.008h3.522l.527-4.09h-4.05v-2.61c0-1.182.33-1.99 2.023-1.99h2.166V4.66c-.375-.05-1.66-.16-3.155-.16-3.123 0-5.26 1.905-5.26 5.405v3.016h-3.53v4.09h3.53V27.5h4.223z\" fill=\"#fff\"><\/path><\/svg><\/span><\/a><a style=\"padding:7.35px 0 !important\" class=\"heateor_sss_facebook_share\"><div class=\"fb-share-button\" data-href=\"http:\/\/parafiaostrowsko.info\/wordpress\/index.php\/kaplanstwo\/\" data-layout=\"button\"><\/div><\/a><\/div><div class=\"heateorSssClear\"><\/div><\/div><div class='heateorSssClear'><\/div>","protected":false},"author":1,"featured_media":0,"parent":0,"menu_order":0,"comment_status":"closed","ping_status":"closed","template":"","meta":[],"_links":{"self":[{"href":"http:\/\/parafiaostrowsko.info\/wordpress\/index.php\/wp-json\/wp\/v2\/pages\/77"}],"collection":[{"href":"http:\/\/parafiaostrowsko.info\/wordpress\/index.php\/wp-json\/wp\/v2\/pages"}],"about":[{"href":"http:\/\/parafiaostrowsko.info\/wordpress\/index.php\/wp-json\/wp\/v2\/types\/page"}],"author":[{"embeddable":true,"href":"http:\/\/parafiaostrowsko.info\/wordpress\/index.php\/wp-json\/wp\/v2\/users\/1"}],"replies":[{"embeddable":true,"href":"http:\/\/parafiaostrowsko.info\/wordpress\/index.php\/wp-json\/wp\/v2\/comments?post=77"}],"version-history":[{"count":8,"href":"http:\/\/parafiaostrowsko.info\/wordpress\/index.php\/wp-json\/wp\/v2\/pages\/77\/revisions"}],"predecessor-version":[{"id":5418,"href":"http:\/\/parafiaostrowsko.info\/wordpress\/index.php\/wp-json\/wp\/v2\/pages\/77\/revisions\/5418"}],"wp:attachment":[{"href":"http:\/\/parafiaostrowsko.info\/wordpress\/index.php\/wp-json\/wp\/v2\/media?parent=77"}],"curies":[{"name":"wp","href":"https:\/\/api.w.org\/{rel}","templated":true}]}}