{"id":81,"date":"2020-08-20T18:13:18","date_gmt":"2020-08-20T16:13:18","guid":{"rendered":"http:\/\/parafiaostrowsko.info\/wordpress\/?page_id=81"},"modified":"2026-01-29T15:52:05","modified_gmt":"2026-01-29T14:52:05","slug":"malzenstwo","status":"publish","type":"page","link":"http:\/\/parafiaostrowsko.info\/wordpress\/index.php\/malzenstwo\/","title":{"rendered":"Ma\u0142\u017ce\u0144stwo"},"content":{"rendered":"<div class=\"art-postcontent clearfix\">\n<div class=\"art-article\">\n<p><em><img loading=\"lazy\" class=\"aligncenter\" src=\"http:\/\/www.parafiamilosierdzie.tbg.net.pl\/images\/pliki\/malz1.jpg\" alt=\"malz1\" width=\"445\" height=\"296\" \/><\/em><\/p>\n<p style=\"text-align: center;\"><em><strong>Co B\u00f3g z\u0142\u0105czy\u0142 cz\u0142owiek niech nie rozdziela&#8230;<\/strong> (Mt 19, 6).<\/em><\/p>\n<p style=\"text-align: center;\">Sakramentalne Ma\u0142\u017ce\u0144stwo jest miejscem i sposobem u\u015bwi\u0119cania si\u0119 i wzajemnego pomagania w drodze do Boga.<\/p>\n<h2>Zg\u0142oszenie:<\/h2>\n<ul>\n<li>Narzeczeni powinni zg\u0142osi\u0107 si\u0119 do kancelarii parafialnej na trzy miesi\u0105ce wcze\u015bniej przed planowan\u0105 dat\u0105 \u015blubu w celu spisania protoko\u0142u przedma\u0142\u017ce\u0144skiego.<\/li>\n<\/ul>\n<p><strong><img loading=\"lazy\" class=\"aligncenter\" src=\"http:\/\/www.parafiamilosierdzie.tbg.net.pl\/images\/pliki\/malz2.jpg\" alt=\"malz2\" width=\"209\" height=\"250\" \/><\/strong><\/p>\n<p><strong>Wymagane dokumenty:<\/strong><\/p>\n<ul>\n<li>dokument to\u017csamo\u015bci (dow\u00f3d osobisty),<\/li>\n<li>aktualna metryka chrztu,<\/li>\n<li>za\u015bwiadczenie o przyj\u0119ciu bierzmowania,<\/li>\n<li>indeks przebiegu katechizacji i uko\u0144czenia nauki religii katolickiej,<\/li>\n<li>za\u015bwiadczenie o uko\u0144czeniu kursu przedma\u0142\u017ce\u0144skiego,<\/li>\n<li>je\u015bli to ma by\u0107 \u015blub konkordatowy to odpowiednie za\u015bwiadczenie z USC stwierdzaj\u0105ce brak okoliczno\u015bci wykluczaj\u0105cych zawarcie cywilnego zwi\u0105zku ma\u0142\u017ce\u0144skiego.<\/li>\n<li>Dok\u0142adne informacje dotycz\u0105ce kurs\u00f3w przedma\u0142\u017ce\u0144skich mo\u017cna uzyska\u0107 w kancelarii parafialnej.<br \/><a href=\"http:\/\/wdr.diecezja.pl\/przygotowanie-do-malzenstwa\/sciezka-przygotowania\/\">Przeczytaj o przygotowaniu na stronie naszej diecezji. Znajdziesz tam wszystkie potrzebne bardzo szczeg\u00f3\u0142owe informacje. Kliknij tutaj.<\/a><\/li>\n<\/ul>\n<h2 style=\"text-align: center;\">Kodeks Prawa Kanonicznego <br \/>o Ma\u0142\u017ce\u0144stwie <br \/>\/wybrane fragmenty\/<\/h2>\n<p><strong><img class=\"aligncenter\" src=\"http:\/\/www.parafiamilosierdzie.tbg.net.pl\/images\/pliki\/chrzest-ksiega.gif\" alt=\"chrzest-ksiega\" \/><\/strong><\/p>\n<p><strong>Kan. 1055. <br \/>\u00a7 1.<\/strong> Ma\u0142\u017ce\u0144skie przymierze, przez kt\u00f3re m\u0119\u017cczyzna i kobieta tworz\u0105 ze sob\u0105 wsp\u00f3lnot\u0119 ca\u0142ego \u017cycia, skierowan\u0105 ze swej natury do dobra ma\u0142\u017conk\u00f3w oraz do zrodzenia i wychowania potomstwa, zosta\u0142o mi\u0119dzy ochrzczonymi podniesione przez Chrystusa Pana do godno\u015bci sakramentu.<\/p>\n<p><strong>Kan. 1056.<\/strong> Istotnymi przymiotami ma\u0142\u017ce\u0144stwa s\u0105 jedno\u015b\u0107 i nierozerwalno\u015b\u0107, kt\u00f3re w ma\u0142\u017ce\u0144stwie chrze\u015bcija\u0144skim nabieraj\u0105 szczeg\u00f3lnej mocy z racji sakramentu.<\/p>\n<h2>Pasterska troska i czynno\u015bci poprzedzaj\u0105ce zawarcie ma\u0142\u017ce\u0144stwa<\/h2>\n<p><strong>Kan. 1065. <br \/>\u00a7 1.<\/strong> Katolicy, kt\u00f3rzy nie przyj\u0119li jeszcze sakramentu bierzmowania, powinni go przyj\u0105\u0107 przed zawarciem ma\u0142\u017ce\u0144stwa, gdy jest to mo\u017cliwe bez powa\u017cnej niedogodno\u015bci.<br \/><strong>\u00a7 2.<\/strong> Aby przyj\u0105\u0107 owocnie sakrament ma\u0142\u017ce\u0144stwa, usilnie zaleca si\u0119, a\u017ceby nupturienci przyst\u0105pili do sakramentu pokuty i Naj\u015bwi\u0119tszej Eucharystii.<\/p>\n<p><strong>Kan. 1069.<\/strong> Wszyscy wierni maj\u0105 obowi\u0105zek znane im przeszkody ma\u0142\u017ce\u0144skie wyjawi\u0107 przed zawarciem ma\u0142\u017ce\u0144stwa proboszczowi lub ordynariuszowi miejsca.<\/p>\n<h2>Przeszkody zrywaj\u0105ce w og\u00f3lno\u015bci<\/h2>\n<p><strong>Kan. 1078. <br \/>\u00a7 1.<\/strong> Ordynariusz miejsca mo\u017ce swoich podw\u0142adnych gdziekolwiek przebywaj\u0105cych oraz wszystkich aktualnie przebywaj\u0105cych na w\u0142asnym jego terytorium, dyspensowa\u0107 od wszystkich przeszk\u00f3d z prawa ko\u015bcielnego, z wy\u0142\u0105czeniem tych, od kt\u00f3rych dyspensa jest zarezerwowana Stolicy Apostolskiej.<\/p>\n<p><strong>\u00a7 2.<\/strong> Stolicy Apostolskiej jest zarezerwowana dyspensa:<br \/><strong>1\u00b0<\/strong> od przeszkody wynikaj\u0105cej ze \u015bwi\u0119ce\u0144 lub z wieczystego \u015blubu publicznego czysto\u015bci, z\u0142o\u017conego w instytucie zakonnym na prawie papieskim;<br \/><strong>2\u00b0<\/strong> od przeszkody wyst\u0119pku, o kt\u00f3rej w kan. 1090.<br \/><strong>\u00a7 3.<\/strong> Nie udziela si\u0119 nigdy dyspensy od przeszkody pokrewie\u0144stwa w linii prostej oraz w drugim stopniu linii bocznej.<\/p>\n<h2>Poszczeg\u00f3lne przeszkody zrywaj\u0105ce<\/h2>\n<p><strong>Kan. 1084. <br \/>\u00a7 1.<\/strong> Niezdolno\u015b\u0107 dokonania stosunku ma\u0142\u017ce\u0144skiego uprzednia i trwa\u0142a, czy to ze strony m\u0119\u017cczyzny czy kobiety, czy to absolutna czy wzgl\u0119dna, czyni ma\u0142\u017ce\u0144stwo niewa\u017cnym z samej jego natury.<\/p>\n<p><strong>Kan. 1085. <br \/>\u00a7 1.<\/strong> Niewa\u017cnie usi\u0142uje zawrze\u0107 ma\u0142\u017ce\u0144stwo, kto jest zwi\u0105zany w\u0119z\u0142em poprzedniego ma\u0142\u017ce\u0144stwa, nawet niedope\u0142nionego.<\/p>\n<p><strong>Kan. 1086. <br \/>\u00a7 1.<\/strong> Niewa\u017cne jest ma\u0142\u017ce\u0144stwo mi\u0119dzy dwiema osobami, z kt\u00f3rych jedna zosta\u0142a ochrzczona w Ko\u015bciele katolickim lub by\u0142a do niego przyj\u0119ta i nie od\u0142\u0105czy\u0142a si\u0119 od niego formalnym aktem, a druga jest nieochrzczona.<\/p>\n<p><strong>Kan. 1090 \u00a7 1.<\/strong> Kto ze wzgl\u0119du na zawarcie ma\u0142\u017ce\u0144stwa z okre\u015blon\u0105 osob\u0105, zadaje \u015bmier\u0107 jej wsp\u00f3\u0142ma\u0142\u017conkowi lub w\u0142asnemu, niewa\u017cnie usi\u0142uje zawrze\u0107 to ma\u0142\u017ce\u0144stwo<br \/><strong>\u00a7 2.<\/strong> Niewa\u017cnie r\u00f3wnie\u017c usi\u0142uj\u0105 zawrze\u0107 ma\u0142\u017ce\u0144stwo ci, kt\u00f3rzy poprzez fizyczny lub moralny wsp\u00f3\u0142udzia\u0142 spowodowali \u015bmier\u0107 wsp\u00f3\u0142ma\u0142\u017conka.<\/p>\n<p><strong>Kan. 1091. <br \/>\u00a7 1.<\/strong> W linii prostej pokrewie\u0144stwa niewa\u017cne jest ma\u0142\u017ce\u0144stwo mi\u0119dzy wszystkimi wst\u0119pnymi i zst\u0119pnymi, zar\u00f3wno prawego pochodzenia, jak i naturalnymi.<br \/><strong>\u00a7 2.<\/strong> W linii bocznej niewa\u017cne jest a\u017c do czwartego stopnia w\u0142\u0105cznie.<br \/><strong>\u00a7 3.<\/strong> Przeszkoda pokrewie\u0144stwa nie zwielokrotnia si\u0119.<br \/><strong>\u00a7 4.<\/strong> Nigdy nie zezwala si\u0119 na ma\u0142\u017ce\u0144stwo, je\u015bli istnieje w\u0105tpliwo\u015b\u0107, czy strony s\u0105 spokrewnione w jakim\u015b stopniu linii prostej lub w drugim stopniu linii bocznej.<\/p>\n<p><strong>Kan. 1092.<\/strong> Powinowactwo w linii prostej powoduje niewa\u017cno\u015b\u0107 ma\u0142\u017ce\u0144stwa we wszystkich stopniach.<\/p>\n<p><strong>Kan. 1093.<\/strong> Przeszkoda przyzwoito\u015bci publicznej powstaje z niewa\u017cnego ma\u0142\u017ce\u0144stwa po rozpocz\u0119ciu \u017cycia wsp\u00f3lnego albo z notorycznego lub publicznego konkubinatu. Powoduje za\u015b niewa\u017cno\u015b\u0107 ma\u0142\u017ce\u0144stwa w pierwszym stopniu linii prostej mi\u0119dzy m\u0119\u017cczyzn\u0105 i krewnymi kobiety i odwrotnie.<\/p>\n<p><strong>Kan. 1094.<\/strong> Nie mog\u0105 wa\u017cnie zawrze\u0107 ma\u0142\u017ce\u0144stwa ze sob\u0105 ci, kt\u00f3rzy s\u0105 zwi\u0105zani pokrewie\u0144stwem prawnym powsta\u0142ym z adopcji, w linii prostej lub w drugim stopniu linii bocznej.<\/p>\n<h2>Zgoda ma\u0142\u017ce\u0144ska<\/h2>\n<p><strong>Kan. 1096. <br \/>\u00a7 1.<\/strong> Do zaistnienia zgody ma\u0142\u017ce\u0144skiej konieczne jest, aby strony wiedzia\u0142y przynajmniej, \u017ce ma\u0142\u017ce\u0144stwo jest trwa\u0142ym zwi\u0105zkiem mi\u0119dzy m\u0119\u017cczyzn\u0105 i kobiet\u0105, skierowanym do zrodzenia potomstwa przez jakie\u015b seksualne wsp\u00f3\u0142dzia\u0142anie.<\/p>\n<h2>Ma\u0142\u017ce\u0144stwa mieszane<\/h2>\n<p><strong>Kan. 1124.<\/strong> Ma\u0142\u017ce\u0144stwo mi\u0119dzy dwiema osobami ochrzczonymi, z kt\u00f3rych jedna zosta\u0142a ochrzczona w Ko\u015bciele katolickim lub po chrzcie zosta\u0142a do niego przyj\u0119ta i formalnym aktem od niego si\u0119 nie od\u0142\u0105czy\u0142a, druga za\u015b nale\u017cy do Ko\u015bcio\u0142a lub wsp\u00f3lnoty ko\u015bcielnej nie maj\u0105cej pe\u0142nej \u0142\u0105czno\u015bci z Ko\u015bcio\u0142em katolickim, jest zabronione bez wyra\u017anego zezwolenia kompetentnej w\u0142adzy.<\/p>\n<p><strong>Kan. 1125.<\/strong> Tego rodzaju zezwolenia mo\u017ce udzieli\u0107 ordynariusz miejsca, je\u015bli istnieje s\u0142uszna i rozumna przyczyna, nie mo\u017ce go jednak udzieli\u0107 bez spe\u0142nienia nast\u0119puj\u0105cych warunk\u00f3w:<br \/><strong>1\u00b0<\/strong> strona katolicka winna o\u015bwiadczy\u0107, \u017ce jest gotowa odsun\u0105\u0107 od siebie niebezpiecze\u0144stwo utraty wiary, jak r\u00f3wnie\u017c z\u0142o\u017cy\u0107 szczere przyrzeczenie, \u017ce uczyni wszystko, co w jej mocy, aby wszystkie dzieci zosta\u0142y ochrzczone i wychowane w Ko\u015bciele katolickim;<br \/><strong>2\u00b0<\/strong> druga strona winna by\u0107 powiadomiona w odpowiednim czasie o sk\u0142adanych przyrzeczeniach strony katolickiej, tak aby rzeczywi\u015bcie by\u0142a \u015bwiadoma tre\u015bci przyrzeczenia i obowi\u0105zku strony katolickiej;<br \/><strong>3\u00b0<\/strong> obydwie strony powinny by\u0107 pouczone o celach oraz istotnych przymiotach ma\u0142\u017ce\u0144stwa, kt\u00f3rych nie mo\u017ce wyklucza\u0107 \u017cadna ze stron.<\/p>\n<h2>Skutki ma\u0142\u017ce\u0144stwa<\/h2>\n<p><strong>Kan. 1134.<\/strong> Z wa\u017cnego ma\u0142\u017ce\u0144stwa powstaje mi\u0119dzy ma\u0142\u017conkami w\u0119ze\u0142, z natury swej wieczysty i wy\u0142\u0105czny. W ma\u0142\u017ce\u0144stwie chrze\u015bcija\u0144skim ma\u0142\u017conkowie zostaj\u0105 ponadto przez specjalny sakrament wzmocnieni i jakby konsekrowani do obowi\u0105zk\u00f3w swego stanu i godno\u015bci.<\/p>\n<p><strong>Kan. 1135.<\/strong> Ka\u017cdemu z ma\u0142\u017conk\u00f3w przys\u0142uguj\u0105 jednakowe obowi\u0105zki i prawa w tym, co dotyczy wsp\u00f3lnoty \u017cycia ma\u0142\u017ce\u0144skiego.<\/p>\n<p><strong>Kan. 1136.<\/strong> Rodzice maj\u0105 najci\u0119\u017cszy obowi\u0105zek i najpierwsze prawo troszczenia si\u0119 zgodnie, wed\u0142ug swoich mo\u017cliwo\u015bci, o wychowanie potomstwa zar\u00f3wno fizyczne, spo\u0142eczne i kulturalne, jak i moralne oraz religijne.<\/p>\n<h2>Roz\u0142\u0105czenie ma\u0142\u017conk\u00f3w<\/h2>\n<p><strong>Art. 1<\/strong> Rozwi\u0105zanie w\u0119z\u0142a<\/p>\n<p><strong>Kan. 1141.<\/strong> Ma\u0142\u017ce\u0144stwo zawarte i dope\u0142nione nie mo\u017ce by\u0107 rozwi\u0105zane \u017cadn\u0105 ludzk\u0105 w\u0142adz\u0105 i z \u017cadnej przyczyny, opr\u00f3cz \u015bmierci.<\/p>\n<p><strong>Kan. 1142.<\/strong> Ma\u0142\u017ce\u0144stwo niedope\u0142nione, zawarte przez ochrzczonych lub mi\u0119dzy stron\u0105 ochrzczon\u0105 i stron\u0105 nieochrzczon\u0105, mo\u017ce by\u0107 ze s\u0142usznej przyczyny rozwi\u0105zane przez Biskupa Rzymskiego, na pro\u015bb\u0119 obydwu stron lub tylko jednej, cho\u0107by druga si\u0119 nie zgadza\u0142a.<\/p>\n<p><strong>Kan. 1143. <br \/>\u00a7 1.<\/strong> Ma\u0142\u017ce\u0144stwo zawarte przez dwie osoby nie ochrzczone zostaje rozwi\u0105zane na mocy przywileju paw\u0142owego dla dobra wiary strony, kt\u00f3ra przyj\u0119\u0142a chrzest, przez sam fakt zawarcia nowego ma\u0142\u017ce\u0144stwa przez stron\u0119 ochrzczon\u0105, je\u015bli strona nieochrzczona odesz\u0142a.<\/p>\n<p><strong>Art. 2<\/strong> Separacja podczas trwania w\u0119z\u0142a<\/p>\n<p><strong>Kan. 1151.<\/strong> Ma\u0142\u017conkowie maj\u0105 obowi\u0105zek i prawo zachowania wsp\u00f3\u0142\u017cycia ma\u0142\u017ce\u0144skiego, chyba \u017ce usprawiedliwia ich zgodna z prawem przyczyna.<\/p>\n<p><strong>Kan. 1153. <br \/>\u00a7 1.<\/strong> Je\u015bli jedno z ma\u0142\u017conk\u00f3w stanowi \u017ar\u00f3d\u0142o powa\u017cnego niebezpiecze\u0144stwa dla duszy lub cia\u0142a drugiej strony albo dla potomstwa, lub w inny spos\u00f3b czyni zbyt trudnym \u017cycie wsp\u00f3lne, tym samym daje drugiej stronie zgodn\u0105 z prawem przyczyn\u0119 odej\u015bcia, b\u0105d\u017a na mocy dekretu ordynariusza miejsca, b\u0105d\u017a te\u017c gdy niebezpiecze\u0144stwo jest bezpo\u015brednie, r\u00f3wnie\u017c w\u0142asn\u0105 powag\u0105.<br \/><strong>\u00a7 2.<\/strong> Po ustaniu przyczyny separacji, we wszystkich wypadkach nale\u017cy wznowi\u0107 wsp\u00f3\u0142\u017cycie ma\u0142\u017ce\u0144skie, chyba \u017ce w\u0142adza ko\u015bcielna co innego postanowi.<\/p>\n<p><img class=\"aligncenter\" src=\"http:\/\/www.parafiamilosierdzie.tbg.net.pl\/images\/pliki\/malz3.jpg\" alt=\"malz3\" \/><\/p>\n<\/div>\n<\/div>\n\n\n<div class=\"wp-block-columns\">\n<div class=\"wp-block-column\"><\/div>\n\n\n\n<div class=\"wp-block-column\"><\/div>\n\n\n\n<div class=\"wp-block-column\"><\/div>\n<\/div>\n\n\n","protected":false},"excerpt":{"rendered":"<p>Co B\u00f3g z\u0142\u0105czy\u0142 cz\u0142owiek niech nie rozdziela&#8230; (Mt 19, 6). Sakramentalne Ma\u0142\u017ce\u0144stwo jest miejscem i sposobem u\u015bwi\u0119cania si\u0119 i wzajemnego pomagania w drodze do Boga. Zg\u0142oszenie: Narzeczeni powinni zg\u0142osi\u0107 si\u0119 do kancelarii parafialnej na&#46;&#46;&#46;<\/p>\n<div class='heateorSssClear'><\/div><div  class='heateor_sss_sharing_container heateor_sss_horizontal_sharing' data-heateor-sss-href='http:\/\/parafiaostrowsko.info\/wordpress\/index.php\/malzenstwo\/'><div class='heateor_sss_sharing_title' style=\"font-weight:bold\" >Udost\u0119pnij<\/div><div class=\"heateor_sss_sharing_ul\"><a class=\"heateor_sss_facebook\" href=\"https:\/\/www.facebook.com\/sharer\/sharer.php?u=http%3A%2F%2Fparafiaostrowsko.info%2Fwordpress%2Findex.php%2Fmalzenstwo%2F\" title=\"Facebook\" rel=\"nofollow noopener\" target=\"_blank\" style=\"font-size:32px!important;box-shadow:none;display:inline-block;vertical-align:middle\"><span class=\"heateor_sss_svg\" style=\"background-color:#3c589a;width:35px;height:35px;border-radius:999px;display:inline-block;opacity:1;float:left;font-size:32px;box-shadow:none;display:inline-block;font-size:16px;padding:0 4px;vertical-align:middle;background-repeat:repeat;overflow:hidden;padding:0;cursor:pointer;box-sizing:content-box\"><svg style=\"display:block;border-radius:999px;\" focusable=\"false\" aria-hidden=\"true\" xmlns=\"http:\/\/www.w3.org\/2000\/svg\" width=\"100%\" height=\"100%\" viewBox=\"-5 -5 42 42\"><path d=\"M17.78 27.5V17.008h3.522l.527-4.09h-4.05v-2.61c0-1.182.33-1.99 2.023-1.99h2.166V4.66c-.375-.05-1.66-.16-3.155-.16-3.123 0-5.26 1.905-5.26 5.405v3.016h-3.53v4.09h3.53V27.5h4.223z\" fill=\"#fff\"><\/path><\/svg><\/span><\/a><a style=\"padding:7.35px 0 !important\" class=\"heateor_sss_facebook_share\"><div class=\"fb-share-button\" data-href=\"http:\/\/parafiaostrowsko.info\/wordpress\/index.php\/malzenstwo\/\" data-layout=\"button\"><\/div><\/a><\/div><div class=\"heateorSssClear\"><\/div><\/div><div class='heateorSssClear'><\/div>","protected":false},"author":1,"featured_media":0,"parent":0,"menu_order":0,"comment_status":"closed","ping_status":"closed","template":"","meta":[],"_links":{"self":[{"href":"http:\/\/parafiaostrowsko.info\/wordpress\/index.php\/wp-json\/wp\/v2\/pages\/81"}],"collection":[{"href":"http:\/\/parafiaostrowsko.info\/wordpress\/index.php\/wp-json\/wp\/v2\/pages"}],"about":[{"href":"http:\/\/parafiaostrowsko.info\/wordpress\/index.php\/wp-json\/wp\/v2\/types\/page"}],"author":[{"embeddable":true,"href":"http:\/\/parafiaostrowsko.info\/wordpress\/index.php\/wp-json\/wp\/v2\/users\/1"}],"replies":[{"embeddable":true,"href":"http:\/\/parafiaostrowsko.info\/wordpress\/index.php\/wp-json\/wp\/v2\/comments?post=81"}],"version-history":[{"count":11,"href":"http:\/\/parafiaostrowsko.info\/wordpress\/index.php\/wp-json\/wp\/v2\/pages\/81\/revisions"}],"predecessor-version":[{"id":9518,"href":"http:\/\/parafiaostrowsko.info\/wordpress\/index.php\/wp-json\/wp\/v2\/pages\/81\/revisions\/9518"}],"wp:attachment":[{"href":"http:\/\/parafiaostrowsko.info\/wordpress\/index.php\/wp-json\/wp\/v2\/media?parent=81"}],"curies":[{"name":"wp","href":"https:\/\/api.w.org\/{rel}","templated":true}]}}