{"id":83,"date":"2020-08-20T18:14:20","date_gmt":"2020-08-20T16:14:20","guid":{"rendered":"http:\/\/parafiaostrowsko.info\/wordpress\/?page_id=83"},"modified":"2021-02-21T23:20:01","modified_gmt":"2021-02-21T22:20:01","slug":"namaszczenie-chorych","status":"publish","type":"page","link":"http:\/\/parafiaostrowsko.info\/wordpress\/index.php\/namaszczenie-chorych\/","title":{"rendered":"Namaszczenie chorych"},"content":{"rendered":"<div class=\"art-postcontent clearfix\">\n<div class=\"art-article\">\n<p><em><img loading=\"lazy\" class=\"aligncenter\" src=\"http:\/\/www.parafiamilosierdzie.tbg.net.pl\/images\/pliki\/chory1.png\" alt=\"chory1\" width=\"219\" height=\"159\" \/><\/em><\/p>\n<p style=\"text-align: center;\"><em>Choruje kto\u015b w\u015br\u00f3d was? Niech sprowadzi kap\u0142an\u00f3w Ko\u015bcio\u0142a, by si\u0119 modlili nad nim i nama\u015bcili go olejem w imi\u0119 Pana. A modlitwa pe\u0142na wiary b\u0119dzie dla chorego ratunkiem i Pan go pod\u017awignie, a je\u015bliby pope\u0142ni\u0142 grzechy, b\u0119d\u0105 mu odpuszczone&#8230;\u00a0 <\/em>(Jk 5, 14-15).<\/p>\n<h2>Skutki specjalnej \u0142aski sakramentu namaszczenia chorych:<\/h2>\n<ul>\n<li>zjednoczenie chorego z m\u0119k\u0105 Chrystusa dla jego w\u0142asnego dobra oraz dla dobra ca\u0142ego Ko\u015bcio\u0142a,<\/li>\n<li>umocnienie, pok\u00f3j i odwaga, by przyjmowa\u0107 po chrze\u015bcija\u0144sku cierpienia choroby lub staro\u015bci,<\/li>\n<li>przebaczenie grzech\u00f3w, je\u015bli chory nie m\u00f3g\u0142 go otrzyma\u0107 przez sakrament pokuty,<\/li>\n<li>powr\u00f3t do zdrowia, je\u015bli to s\u0142u\u017cy dobru duchowemu,<\/li>\n<li>przygotowanie na przej\u015bcie do \u017cycia wiecznego.<\/li>\n<\/ul>\n<p>Szczeg\u00f3lnej pomocy Bo\u017cej potrzebuje cz\u0142owiek w czasie ci\u0119\u017ckiej choroby, a zw\u0142aszcza w niebezpiecze\u0144stwie \u015bmierci. Zapraszaj\u0105c kap\u0142ana z pos\u0142ug\u0105 do chorego przygotujmy: st\u00f3\u0142 nakryty bia\u0142ym obrusem, na nim krzy\u017c i \u015bwieca.<\/p>\n<h2>Zg\u0142oszenie:<\/h2>\n<ul>\n<li>ch\u0119\u0107 przyj\u0119cia sakramentu namaszczenia chorych nale\u017cy zg\u0142asza\u0107 do kancelarii parafialnej.<\/li>\n<\/ul>\n<h2><img class=\"aligncenter\" src=\"http:\/\/www.parafiamilosierdzie.tbg.net.pl\/images\/pliki\/chory2.jpg\" alt=\"chory2\" \/><\/h2>\n<h2>Odwiedziny ksi\u0119dza:<\/h2>\n<ul>\n<li>odwiedzam chorych w pierwsz\u0105 pi\u0105tek miesi\u0105ca od godz. 9<sup>00<\/sup>,<\/li>\n<li>je\u017celi powy\u017cszy termin nie jest dogodny wizyta odb\u0119dzie si\u0119 we wcze\u015bniej uzgodnionym dniu,<\/li>\n<li>w nag\u0142ych przypadkach o pos\u0142ug\u0119 sakramentaln\u0105 wobec chorych mo\u017cna prosi\u0107 o ka\u017cdej porze dnia i nocy pod numerem telefonu 18-265-30-08.<\/li>\n<\/ul>\n<h1>Kodeks Prawa Kanonicznego <br \/>o sakramencie chorych<\/h1>\n<p>(wybrane fragmenty)<\/p>\n<p><strong><img class=\"aligncenter\" src=\"http:\/\/www.parafiamilosierdzie.tbg.net.pl\/images\/pliki\/chrzest-ksiega.gif\" alt=\"chrzest-ksiega\" \/><\/strong><\/p>\n<p><strong>Kan. 1000.<br \/>\u00a7 1.<\/strong> Namaszczenia powinny by\u0107 dok\u0142adnie dokonane przy zastosowaniu s\u0142\u00f3w, porz\u0105dku oraz sposobu przepisanego w ksi\u0119gach liturgicznych. W wypadku wszak\u017ce konieczno\u015bci wystarcza jedno namaszczenie na czole lub nawet na innej cz\u0119\u015bci cia\u0142a i wypowiedzenie ca\u0142ej formu\u0142y.<\/p>\n<p><strong>\u00a7 2.<\/strong> Namaszcze\u0144 powinien dokonywa\u0107 szafarz w\u0142asn\u0105 r\u0119k\u0105, chyba \u017ce powa\u017cna racja zaleca zastosowanie narz\u0119dzia.<\/p>\n<p><strong>Kan. 1001.<\/strong> Duszpasterze i bliscy chorego powinni troszczy\u0107 si\u0119, by chorzy byli umacniani tym sakramentem w odpowiednim czasie.<\/p>\n<p><strong>Kan. 1004.<br \/>\u00a7 1.<\/strong> Namaszczenia chorych mo\u017cna udzieli\u0107 wiernemu, kt\u00f3ry po osi\u0105gni\u0119ciu u\u017cywania rozumu, znajdzie si\u0119 w niebezpiecze\u0144stwie \u015bmierci na skutek choroby lub staro\u015bci.<br \/><strong>\u00a7 2.<\/strong> Sakrament ten wolno powt\u00f3rzy\u0107; je\u015bli chory po wyzdrowieniu znowu ci\u0119\u017cko zachoruje lub je\u015bli w czasie trwania tej samej choroby niebezpiecze\u0144stwo stanie si\u0119 powa\u017cniejsze.<\/p>\n<p><strong>Kan. 1005.<\/strong> W\u0105tpliwo\u015bci, czy chory osi\u0105gn\u0105\u0142 u\u017cywanie rozumu, czy powa\u017cnie choruje albo czy rzeczywi\u015bcie ju\u017c umar\u0142, nale\u017cy udzieli\u0107 tego sakramentu.<\/p>\n<p><strong>Kan. 1006.<\/strong>\u00a0 Sakramentu nale\u017cy udziela\u0107 chorym, kt\u00f3rzy &#8211; b\u0119d\u0105c przytomni na umy\u015ble &#8211; przynajmniej po\u015brednio o niego prosili.<\/p>\n<p><strong>Kan. 1007.<\/strong>\u00a0 Nie wolno udziela\u0107 namaszczenia chorych tym, kt\u00f3rzy uparcie trwaj\u0105 w jawnym grzechu ci\u0119\u017ckim.<\/p>\n<h2>Przyjmowanie Komunii \u015awi\u0119tej <br \/>jako wiatyk<\/h2>\n<p>\/wybrane fragmenty\/<\/p>\n<p><strong>Kan. 921.<br \/>\u00a7 1.<\/strong> Wierni znajduj\u0105cy si\u0119 z jakiejkolwiek przyczyny w niebezpiecze\u0144stwie \u015bmierci, powinni by\u0107 umocnieni Komuni\u0105 \u015bwi\u0119t\u0105 na spos\u00f3b Wiatyku.<br \/><strong>\u00a7 2<\/strong>. Chocia\u017cby tego dnia przyj\u0119li ju\u017c Komuni\u0119 \u015bwi\u0119t\u0105, to jednak bardzo si\u0119 zaleca, aby &#8211; znalaz\u0142szy si\u0119 w niebezpiecze\u0144stwie \u015bmierci &#8211; otrzymali ponownie Komuni\u0119 \u015bwi\u0119t\u0105.<br \/><strong>\u00a7 3.<\/strong> Gdy niebezpiecze\u0144stwo \u015bmierci trwa d\u0142u\u017cej, zaleca si\u0119, aby Komunia \u015bwi\u0119ta by\u0142a udzielana wielokrotnie, w poszczeg\u00f3lnych dniach.<\/p>\n<p><strong>Kan. 922.<\/strong> Udzielenia Wiatyku chorym nie nale\u017cy zbytnio odk\u0142ada\u0107. Duszpasterze powinni pilnie czuwa\u0107 nad tym, by chorzy byli posilani wtedy, gdy s\u0105 jeszcze w pe\u0142ni \u015bwiadomi.<\/p>\n<p><img loading=\"lazy\" class=\"alignleft\" src=\"http:\/\/www.parafiamilosierdzie.tbg.net.pl\/images\/pliki\/chory3.jpg\" alt=\"chory3\" width=\"144\" height=\"207\" \/>\u00a0 \u00a0<img loading=\"lazy\" class=\"alignleft\" src=\"http:\/\/www.parafiamilosierdzie.tbg.net.pl\/images\/pliki\/chory4.jpg\" alt=\"chory4\" width=\"275\" height=\"206\" \/><\/p>\n<\/div>\n<\/div>\n\n\n<div class=\"wp-block-columns\">\n<div class=\"wp-block-column\"><\/div>\n\n\n\n<div class=\"wp-block-column\"><\/div>\n\n\n\n<div class=\"wp-block-column\"><\/div>\n<\/div>\n","protected":false},"excerpt":{"rendered":"<p>Choruje kto\u015b w\u015br\u00f3d was? Niech sprowadzi kap\u0142an\u00f3w Ko\u015bcio\u0142a, by si\u0119 modlili nad nim i nama\u015bcili go olejem w imi\u0119 Pana. A modlitwa pe\u0142na wiary b\u0119dzie dla chorego ratunkiem i Pan go pod\u017awignie, a je\u015bliby&#46;&#46;&#46;<\/p>\n<div class='heateorSssClear'><\/div><div  class='heateor_sss_sharing_container heateor_sss_horizontal_sharing' data-heateor-sss-href='http:\/\/parafiaostrowsko.info\/wordpress\/index.php\/namaszczenie-chorych\/'><div class='heateor_sss_sharing_title' style=\"font-weight:bold\" >Udost\u0119pnij<\/div><div class=\"heateor_sss_sharing_ul\"><a class=\"heateor_sss_facebook\" href=\"https:\/\/www.facebook.com\/sharer\/sharer.php?u=http%3A%2F%2Fparafiaostrowsko.info%2Fwordpress%2Findex.php%2Fnamaszczenie-chorych%2F\" title=\"Facebook\" rel=\"nofollow noopener\" target=\"_blank\" style=\"font-size:32px!important;box-shadow:none;display:inline-block;vertical-align:middle\"><span class=\"heateor_sss_svg\" style=\"background-color:#3c589a;width:35px;height:35px;border-radius:999px;display:inline-block;opacity:1;float:left;font-size:32px;box-shadow:none;display:inline-block;font-size:16px;padding:0 4px;vertical-align:middle;background-repeat:repeat;overflow:hidden;padding:0;cursor:pointer;box-sizing:content-box\"><svg style=\"display:block;border-radius:999px;\" focusable=\"false\" aria-hidden=\"true\" xmlns=\"http:\/\/www.w3.org\/2000\/svg\" width=\"100%\" height=\"100%\" viewBox=\"-5 -5 42 42\"><path d=\"M17.78 27.5V17.008h3.522l.527-4.09h-4.05v-2.61c0-1.182.33-1.99 2.023-1.99h2.166V4.66c-.375-.05-1.66-.16-3.155-.16-3.123 0-5.26 1.905-5.26 5.405v3.016h-3.53v4.09h3.53V27.5h4.223z\" fill=\"#fff\"><\/path><\/svg><\/span><\/a><a style=\"padding:7.35px 0 !important\" class=\"heateor_sss_facebook_share\"><div class=\"fb-share-button\" data-href=\"http:\/\/parafiaostrowsko.info\/wordpress\/index.php\/namaszczenie-chorych\/\" data-layout=\"button\"><\/div><\/a><\/div><div class=\"heateorSssClear\"><\/div><\/div><div class='heateorSssClear'><\/div>","protected":false},"author":1,"featured_media":0,"parent":0,"menu_order":0,"comment_status":"closed","ping_status":"closed","template":"","meta":[],"_links":{"self":[{"href":"http:\/\/parafiaostrowsko.info\/wordpress\/index.php\/wp-json\/wp\/v2\/pages\/83"}],"collection":[{"href":"http:\/\/parafiaostrowsko.info\/wordpress\/index.php\/wp-json\/wp\/v2\/pages"}],"about":[{"href":"http:\/\/parafiaostrowsko.info\/wordpress\/index.php\/wp-json\/wp\/v2\/types\/page"}],"author":[{"embeddable":true,"href":"http:\/\/parafiaostrowsko.info\/wordpress\/index.php\/wp-json\/wp\/v2\/users\/1"}],"replies":[{"embeddable":true,"href":"http:\/\/parafiaostrowsko.info\/wordpress\/index.php\/wp-json\/wp\/v2\/comments?post=83"}],"version-history":[{"count":7,"href":"http:\/\/parafiaostrowsko.info\/wordpress\/index.php\/wp-json\/wp\/v2\/pages\/83\/revisions"}],"predecessor-version":[{"id":5065,"href":"http:\/\/parafiaostrowsko.info\/wordpress\/index.php\/wp-json\/wp\/v2\/pages\/83\/revisions\/5065"}],"wp:attachment":[{"href":"http:\/\/parafiaostrowsko.info\/wordpress\/index.php\/wp-json\/wp\/v2\/media?parent=83"}],"curies":[{"name":"wp","href":"https:\/\/api.w.org\/{rel}","templated":true}]}}