{"id":89,"date":"2020-08-20T18:17:30","date_gmt":"2020-08-20T16:17:30","guid":{"rendered":"http:\/\/parafiaostrowsko.info\/wordpress\/?page_id=89"},"modified":"2021-05-01T11:52:25","modified_gmt":"2021-05-01T09:52:25","slug":"b-sakramentalia","status":"publish","type":"page","link":"http:\/\/parafiaostrowsko.info\/wordpress\/index.php\/b-sakramentalia\/","title":{"rendered":"Pogrzeb: Sakramentalia"},"content":{"rendered":"<p>Pogrzeb nie jest sakramentem, jest ostatni\u0105 pos\u0142ug\u0105 cz\u0142owieka dla cz\u0142owieka na ziemi. &#8220;Ostatnim po\u017cegnaniem&#8221;, jakie wsp\u00f3lnota chrze\u015bcija\u0144ska oddaje cz\u0142onkowi, zanim jego cia\u0142o b\u0119dzie wyniesione i pogrzebane. \u015amier\u0107 naszych bliskich nale\u017cy do najbardziej przykrych prze\u017cy\u0107. Pami\u0119tajmy jednak wtedy o Chrystusie, kt\u00f3ry zapewnia nas o \u017cyciu wiecznym i kt\u00f3ry stale jest z nami jako nasza jedyna pociecha, nadzieja i ostoja. Dlatego \u0142\u0105czmy si\u0119 w takich chwilach z Jezusem, kt\u00f3ry zapewnia: &#8220;Kto wierzy we Mnie, nie umrze na wieki&#8221;.<\/p>\n<h2>Zg\u0142oszenie:<\/h2>\n<ul>\n<li>w sprawie pogrzebu nale\u017cy zg\u0142asza\u0107 si\u0119 do ksi\u0119dza.<\/li>\n<\/ul>\n<h2>Wymagane dokumenty:<\/h2>\n<ul>\n<li>akt zgonu wystawiony przez Urz\u0105d Stanu Cywilnego,<\/li>\n<li>za\u015bwiadczenie o przyj\u0119ciu Sakramentu Chorych (Spowiedzi, Komunii \u015bw.) wydane przez duszpasterza lub kapelana szpitala,<\/li>\n<li>w przypadku zmar\u0142ych, kt\u00f3rzy mieszkali poza nasz\u0105 parafi\u0105, konieczna jest pisemna zgoda na pogrzeb z parafii ostatniego miejsca zamieszkania osoby zmar\u0142ej.<\/li>\n<\/ul>\n<h2>Dodatkowe informacje:<\/h2>\n<ul>\n<li>prosimy o pe\u0142ne uczestnictwo we Mszy \u015bw. \u017ca\u0142obnej, odprawianej w intencji osoby zmar\u0142ej, zwi\u0105zane z przyst\u0105pieniem do Sakramentu Pokuty i Pojednania (spowied\u017a), a w czasie Eucharystii przyj\u0119cie Komunii \u015bwi\u0119tej w intencji zmar\u0142ego.<\/li>\n<\/ul>\n<h1 style=\"text-align: center;\">Kodeks Prawa Kanonicznego <br \/>o pogrzebie chrze\u015bcija\u0144skim<\/h1>\n<p style=\"text-align: center;\">\/wybrane fragmenty\/<\/p>\n<h2>Pogrzeb chrze\u015bcija\u0144ski<\/h2>\n<p><strong>Kan. 1176.<br \/>\u00a7 1.<\/strong> Wierni zmarli powinni otrzyma\u0107 pogrzeb ko\u015bcielny, zgodnie z przepisem prawa.<br \/><strong>\u00a7 2.<\/strong> Pogrzeb ko\u015bcielny, w kt\u00f3rym Ko\u015bci\u00f3\u0142 wyprasza duchow\u0105 pomoc zmar\u0142ym, okazuje szacunek ich cia\u0142u i r\u00f3wnocze\u015bnie \u017cywym niesie pociech\u0119 nadziei, nale\u017cy odprawia\u0107 z zachowaniem przepis\u00f3w liturgicznych.<br \/><strong>\u00a7 3.<\/strong> Ko\u015bci\u00f3\u0142 usilnie zaleca zachowanie pobo\u017cnego zwyczaju grzebania cia\u0142 zmar\u0142ych. Nie zabrania jednak kremacji, je\u015bli nie zosta\u0142a wybrana z pobudek przeciwnych nauce chrze\u015bcija\u0144skiej.<\/p>\n<h2>Odprawianie pogrzebu<\/h2>\n<p><strong>Kan. 1177.<br \/>\u00a7 1.<\/strong> Nabo\u017ce\u0144stwo pogrzebowe za ka\u017cdego wiernego winno by\u0107 z regu\u0142y odprawione w jego w\u0142asnym ko\u015bciele parafialnym.<br \/><strong>\u00a7 2.<\/strong> Ka\u017cdy jednak wierny albo ci, do kt\u00f3rych nale\u017cy troska o pogrzeb zmar\u0142ego, mog\u0105 wybra\u0107 inny ko\u015bci\u00f3\u0142 na pogrzeb, za zgod\u0105 tego, kto nim zarz\u0105dza, i po zawiadomieniu w\u0142asnego proboszcza.<br \/><strong>\u00a7 3.<\/strong> Je\u015bli \u015bmier\u0107 nast\u0105pi\u0142a poza w\u0142asn\u0105 parafi\u0105 i nie przeniesiono do niej zw\u0142ok ani nie zosta\u0142 zgodnie z prawem wybrany inny ko\u015bci\u00f3\u0142 pogrzebu, nabo\u017ce\u0144stwo nale\u017cy odprawi\u0107 w ko\u015bciele parafii, gdzie \u015bmier\u0107 nast\u0105pi\u0142a, chyba \u017ce prawo partykularne wyznacza inny ko\u015bci\u00f3\u0142.<\/p>\n<p><strong>Kan. 1178.<\/strong> Nabo\u017ce\u0144stwo pogrzebowe za biskupa diecezjalnego winno by\u0107 odprawione w jego w\u0142asnym ko\u015bciele katedralnym, chyba \u017ce wybra\u0142 on inny ko\u015bci\u00f3\u0142.<\/p>\n<p><strong>Kan. 1179.<\/strong>\u00a0Nabo\u017ce\u0144stwo pogrzebowe za zakonnik\u00f3w lub cz\u0142onk\u00f3w stowarzyszenia \u017cycia apostolskiego ma by\u0107 z regu\u0142y odprawione we w\u0142asnym ko\u015bciele lub kaplicy. Je\u015bli instytut lub stowarzyszenie s\u0105 kleryckie, odprawia je prze\u0142o\u017cony, w pozosta\u0142ych wypadkach kapelan.<\/p>\n<p><strong>Kan. 1180.<br \/>\u00a7 1.<\/strong> Je\u015bli parafia posiada w\u0142asny cmentarz, na nim powinni by\u0107 grzebani wierni zmarli, chyba \u017ce inny cmentarz zosta\u0142 zgodnie z prawem wybrany przez samego zmar\u0142ego albo przez tych, do kt\u00f3rych nale\u017cy zaj\u0119cie si\u0119 pogrzebem zmar\u0142ego.<br \/><strong>\u00a7 2.<\/strong> Je\u015bli tylko prawo tego nie zabrania, ka\u017cdemu wolno wybra\u0107 cmentarz pogrzebania.<\/p>\n<p><strong>Kan. 1181.<\/strong>\u00a0Co do ofiar sk\u0142adanych z okazji pogrzebu, nale\u017cy zachowa\u0107 przepisy kan. 1264, z zastrze\u017ceniem jednak, aby w nabo\u017ce\u0144stwie pogrzebowym nie by\u0142o \u017cadnego wyr\u00f3\u017cniania os\u00f3b oraz by biedni nie byli pozbawieni nale\u017cnego pogrzebu.<\/p>\n<p><strong>Kan. 1182.<\/strong>\u00a0Po pogrzebie nale\u017cy sporz\u0105dzi\u0107 akt w ksi\u0119dze zmar\u0142ych, zgodnie z postanowieniami prawa partykularnego.<\/p>\n<p>Osoby, kt\u00f3rym nale\u017cy udzieli\u0107 lub odm\u00f3wi\u0107 pogrzebu ko\u015bcielnego<\/p>\n<p><strong>Kan. 1183.<br \/>\u00a7 1.<\/strong> Co do pogrzebu, katechumeni s\u0105 zr\u00f3wnani z wiernymi.<br \/><strong>\u00a7 2.<\/strong> Ordynariusz miejsca mo\u017ce zezwoli\u0107 na pogrzeb ko\u015bcielny dzieci, kt\u00f3rych rodzice mieli zamiar je ochrzci\u0107, a jednak zmar\u0142y przed chrztem.<br \/><strong>\u00a7 3.<\/strong> Ochrzczonym przynale\u017cnym do jakiego\u015b Ko\u015bcio\u0142a lub wsp\u00f3lnoty ko\u015bcielnej niekatolickiej, mo\u017cna pozwoli\u0107 na pogrzeb ko\u015bcielny wed\u0142ug roztropnego uznania ordynariusza miejsca, je\u015bli nie ma ich w\u0142asnego szafarza; chyba \u017ce si\u0119 ustali, i\u017c mieli przeciwn\u0105 wol\u0119.<\/p>\n<p><strong>Kan. 1184.<br \/>\u00a7 1.<\/strong> Je\u015bli przed \u015bmierci\u0105 nie dali \u017cadnych oznak pokuty, pogrzebu ko\u015bcielnego powinni by\u0107 pozbawieni:<br \/><strong>1\u00b0<\/strong> notoryczni apostaci, heretycy i schizmatycy;<br \/><strong>2\u00b0<\/strong> osoby, kt\u00f3re wybra\u0142y spalenie swojego cia\u0142a z motyw\u00f3w przeciwnych wierze chrze\u015bcija\u0144skiej;<br \/><strong>3\u00b0<\/strong> inni jawni grzesznicy, kt\u00f3rym nie mo\u017cna przyzna\u0107 pogrzebu bez publicznego zgorszenia wiernych.<br \/><strong>\u00a7 2.<\/strong> Gdy powstaje jaka\u015b w\u0105tpliwo\u015b\u0107, nale\u017cy si\u0119 zwr\u00f3ci\u0107 do miejscowego ordynariusza, do kt\u00f3rego decyzji nale\u017cy si\u0119 dostosowa\u0107.<\/p>\n<p><strong>Kan. 1185.<\/strong>\u00a0Pozbawienie pogrzebu zawiera w sobie tak\u017ce odmow\u0119 odprawienia jakiejkolwiek Mszy \u015bwi\u0119tej pogrzebowej.<\/p>\n<p><img loading=\"lazy\" class=\"aligncenter\" src=\"http:\/\/www.parafiamilosierdzie.tbg.net.pl\/images\/pliki\/bsakr2.png\" alt=\"bsakr2\" width=\"136\" height=\"200\" \/>\u00a0 \u00a0 \u00a0\u00a0<\/p>\n\n\n<div class=\"wp-block-columns\">\n<div class=\"wp-block-column\"><\/div>\n\n\n\n<div class=\"wp-block-column\"><\/div>\n\n\n\n<div class=\"wp-block-column\"><\/div>\n<\/div>\n","protected":false},"excerpt":{"rendered":"<p>Pogrzeb nie jest sakramentem, jest ostatni\u0105 pos\u0142ug\u0105 cz\u0142owieka dla cz\u0142owieka na ziemi. &#8220;Ostatnim po\u017cegnaniem&#8221;, jakie wsp\u00f3lnota chrze\u015bcija\u0144ska oddaje cz\u0142onkowi, zanim jego cia\u0142o b\u0119dzie wyniesione i pogrzebane. \u015amier\u0107 naszych bliskich nale\u017cy do najbardziej przykrych prze\u017cy\u0107.&#46;&#46;&#46;<\/p>\n<div class='heateorSssClear'><\/div><div  class='heateor_sss_sharing_container heateor_sss_horizontal_sharing' data-heateor-sss-href='http:\/\/parafiaostrowsko.info\/wordpress\/index.php\/b-sakramentalia\/'><div class='heateor_sss_sharing_title' style=\"font-weight:bold\" >Udost\u0119pnij<\/div><div class=\"heateor_sss_sharing_ul\"><a class=\"heateor_sss_facebook\" href=\"https:\/\/www.facebook.com\/sharer\/sharer.php?u=http%3A%2F%2Fparafiaostrowsko.info%2Fwordpress%2Findex.php%2Fb-sakramentalia%2F\" title=\"Facebook\" rel=\"nofollow noopener\" target=\"_blank\" style=\"font-size:32px!important;box-shadow:none;display:inline-block;vertical-align:middle\"><span class=\"heateor_sss_svg\" style=\"background-color:#3c589a;width:35px;height:35px;border-radius:999px;display:inline-block;opacity:1;float:left;font-size:32px;box-shadow:none;display:inline-block;font-size:16px;padding:0 4px;vertical-align:middle;background-repeat:repeat;overflow:hidden;padding:0;cursor:pointer;box-sizing:content-box\"><svg style=\"display:block;border-radius:999px;\" focusable=\"false\" aria-hidden=\"true\" xmlns=\"http:\/\/www.w3.org\/2000\/svg\" width=\"100%\" height=\"100%\" viewBox=\"-5 -5 42 42\"><path d=\"M17.78 27.5V17.008h3.522l.527-4.09h-4.05v-2.61c0-1.182.33-1.99 2.023-1.99h2.166V4.66c-.375-.05-1.66-.16-3.155-.16-3.123 0-5.26 1.905-5.26 5.405v3.016h-3.53v4.09h3.53V27.5h4.223z\" fill=\"#fff\"><\/path><\/svg><\/span><\/a><a style=\"padding:7.35px 0 !important\" class=\"heateor_sss_facebook_share\"><div class=\"fb-share-button\" data-href=\"http:\/\/parafiaostrowsko.info\/wordpress\/index.php\/b-sakramentalia\/\" data-layout=\"button\"><\/div><\/a><\/div><div class=\"heateorSssClear\"><\/div><\/div><div class='heateorSssClear'><\/div>","protected":false},"author":1,"featured_media":0,"parent":0,"menu_order":0,"comment_status":"closed","ping_status":"closed","template":"","meta":[],"_links":{"self":[{"href":"http:\/\/parafiaostrowsko.info\/wordpress\/index.php\/wp-json\/wp\/v2\/pages\/89"}],"collection":[{"href":"http:\/\/parafiaostrowsko.info\/wordpress\/index.php\/wp-json\/wp\/v2\/pages"}],"about":[{"href":"http:\/\/parafiaostrowsko.info\/wordpress\/index.php\/wp-json\/wp\/v2\/types\/page"}],"author":[{"embeddable":true,"href":"http:\/\/parafiaostrowsko.info\/wordpress\/index.php\/wp-json\/wp\/v2\/users\/1"}],"replies":[{"embeddable":true,"href":"http:\/\/parafiaostrowsko.info\/wordpress\/index.php\/wp-json\/wp\/v2\/comments?post=89"}],"version-history":[{"count":13,"href":"http:\/\/parafiaostrowsko.info\/wordpress\/index.php\/wp-json\/wp\/v2\/pages\/89\/revisions"}],"predecessor-version":[{"id":5421,"href":"http:\/\/parafiaostrowsko.info\/wordpress\/index.php\/wp-json\/wp\/v2\/pages\/89\/revisions\/5421"}],"wp:attachment":[{"href":"http:\/\/parafiaostrowsko.info\/wordpress\/index.php\/wp-json\/wp\/v2\/media?parent=89"}],"curies":[{"name":"wp","href":"https:\/\/api.w.org\/{rel}","templated":true}]}}