{"id":9465,"date":"2026-01-29T12:19:44","date_gmt":"2026-01-29T11:19:44","guid":{"rendered":"http:\/\/parafiaostrowsko.info\/wordpress\/?page_id=9465"},"modified":"2026-03-10T18:05:02","modified_gmt":"2026-03-10T17:05:02","slug":"zywy-rozaniec","status":"publish","type":"page","link":"http:\/\/parafiaostrowsko.info\/wordpress\/index.php\/zywy-rozaniec\/","title":{"rendered":"R\u00f3\u017ce \u017bywego R\u00f3\u017ca\u0144ca"},"content":{"rendered":"\n<p><strong>W naszej parafii modli si\u0119 i dzia\u0142a 8 R\u00f3\u017c R\u00f3\u017ca\u0144cowych:<\/strong><\/p>\n\n\n\n<p><strong>1. R\u00f3\u017ca &#8211; patron \u015bw. Micha\u0142 Archanio\u0142 <\/strong>&#8211; zelatorem jest Marian Ostwald &#8211; dzie\u0144 patrona 29 wrze\u015bnia<br><strong>2. R\u00f3\u017ca &#8211; patron \u015bw. J\u00f3zef Oblubieniec NMP<\/strong> &#8211; zelatork\u0105 jest Stefania Byrdak &#8211; dzie\u0144 patrona 19 marca<br><strong>3. R\u00f3\u017ca &#8211; patron \u015bw. Maksymilian Maria Kolbe <\/strong>&#8211; zelatork\u0105 jest Helena Ci\u0119\u017cobka &#8211; dzie\u0144 patrona 14 sierpnia<br><strong>4. R\u00f3\u017ca &#8211; patron \u015bw. Antoni z Padwy<\/strong> &#8211; zelatork\u0105 jest Antonina Kozie\u0142 &#8211; dzie\u0144 patrona 13 czerwca<br><strong>5. R\u00f3\u017ca &#8211; patron \u015bw. o. Pio z Petrelciny <\/strong>&#8211; zelatork\u0105 jest \u0141ucja Kamo\u0144 &#8211; dzie\u0144 patrona 23 wrze\u015bnia<br><strong>6. R\u00f3\u017ca &#8211; patron \u015bw. Rita z Cascii<\/strong> &#8211; zelatork\u0105 jest Leokadia Luberda &#8211; dzie\u0144 patrona 22 maja<br><strong>7. R\u00f3\u017ca &#8211; patron \u015bw. s. Faustyna Kowalska <\/strong>&#8211; zelatork\u0105 jest Maria Gromada &#8211; dzie\u0144 patrona 5 pa\u017adziernika<br><strong>8. R\u00f3\u017ca Rodzin &#8211; patron \u015bw. Jan Pawe\u0142 II <\/strong>&#8211; zelatork\u0105 jest Maria Gromada &#8211; dzie\u0144 patrona 22 pa\u017adziernika<\/p>\n\n\n\n<p class=\"has-text-align-center\"><strong>Zmiana tajemnic r\u00f3\u017ca\u0144cowych <\/strong><br><strong>odbywa si\u0119 zazwyczaj w pierwsz\u0105 niedziel\u0119 miesi\u0105ca po Sumie.<\/strong><\/p>\n\n\n\n<p class=\"has-text-align-center\">Zapraszamy ch\u0119tne osoby do w\u0142\u0105czenia si\u0119 do tego pi\u0119knego dzie\u0142a jakim modlitwa r\u00f3\u017ca\u0144cowa.<br>Mo\u017cna zg\u0142asza\u0107 si\u0119 do Zelator\u00f3w lub do ks.Krzysztofa.<\/p>\n\n\n\n<p><\/p>\n","protected":false},"excerpt":{"rendered":"<p>W naszej parafii modli si\u0119 i dzia\u0142a 8 R\u00f3\u017c R\u00f3\u017ca\u0144cowych: 1. R\u00f3\u017ca &#8211; patron \u015bw. Micha\u0142 Archanio\u0142 &#8211; zelatorem jest Marian Ostwald &#8211; dzie\u0144 patrona 29 wrze\u015bnia2. R\u00f3\u017ca &#8211; patron \u015bw. J\u00f3zef Oblubieniec NMP&#46;&#46;&#46;<\/p>\n<div class='heateorSssClear'><\/div><div  class='heateor_sss_sharing_container heateor_sss_horizontal_sharing' data-heateor-sss-href='http:\/\/parafiaostrowsko.info\/wordpress\/index.php\/zywy-rozaniec\/'><div class='heateor_sss_sharing_title' style=\"font-weight:bold\" >Udost\u0119pnij<\/div><div class=\"heateor_sss_sharing_ul\"><a class=\"heateor_sss_facebook\" href=\"https:\/\/www.facebook.com\/sharer\/sharer.php?u=http%3A%2F%2Fparafiaostrowsko.info%2Fwordpress%2Findex.php%2Fzywy-rozaniec%2F\" title=\"Facebook\" rel=\"nofollow noopener\" target=\"_blank\" style=\"font-size:32px!important;box-shadow:none;display:inline-block;vertical-align:middle\"><span class=\"heateor_sss_svg\" style=\"background-color:#3c589a;width:35px;height:35px;border-radius:999px;display:inline-block;opacity:1;float:left;font-size:32px;box-shadow:none;display:inline-block;font-size:16px;padding:0 4px;vertical-align:middle;background-repeat:repeat;overflow:hidden;padding:0;cursor:pointer;box-sizing:content-box\"><svg style=\"display:block;border-radius:999px;\" focusable=\"false\" aria-hidden=\"true\" xmlns=\"http:\/\/www.w3.org\/2000\/svg\" width=\"100%\" height=\"100%\" viewBox=\"-5 -5 42 42\"><path d=\"M17.78 27.5V17.008h3.522l.527-4.09h-4.05v-2.61c0-1.182.33-1.99 2.023-1.99h2.166V4.66c-.375-.05-1.66-.16-3.155-.16-3.123 0-5.26 1.905-5.26 5.405v3.016h-3.53v4.09h3.53V27.5h4.223z\" fill=\"#fff\"><\/path><\/svg><\/span><\/a><a style=\"padding:7.35px 0 !important\" class=\"heateor_sss_facebook_share\"><div class=\"fb-share-button\" data-href=\"http:\/\/parafiaostrowsko.info\/wordpress\/index.php\/zywy-rozaniec\/\" data-layout=\"button\"><\/div><\/a><\/div><div class=\"heateorSssClear\"><\/div><\/div><div class='heateorSssClear'><\/div>","protected":false},"author":1,"featured_media":9608,"parent":0,"menu_order":0,"comment_status":"closed","ping_status":"closed","template":"","meta":[],"_links":{"self":[{"href":"http:\/\/parafiaostrowsko.info\/wordpress\/index.php\/wp-json\/wp\/v2\/pages\/9465"}],"collection":[{"href":"http:\/\/parafiaostrowsko.info\/wordpress\/index.php\/wp-json\/wp\/v2\/pages"}],"about":[{"href":"http:\/\/parafiaostrowsko.info\/wordpress\/index.php\/wp-json\/wp\/v2\/types\/page"}],"author":[{"embeddable":true,"href":"http:\/\/parafiaostrowsko.info\/wordpress\/index.php\/wp-json\/wp\/v2\/users\/1"}],"replies":[{"embeddable":true,"href":"http:\/\/parafiaostrowsko.info\/wordpress\/index.php\/wp-json\/wp\/v2\/comments?post=9465"}],"version-history":[{"count":8,"href":"http:\/\/parafiaostrowsko.info\/wordpress\/index.php\/wp-json\/wp\/v2\/pages\/9465\/revisions"}],"predecessor-version":[{"id":9641,"href":"http:\/\/parafiaostrowsko.info\/wordpress\/index.php\/wp-json\/wp\/v2\/pages\/9465\/revisions\/9641"}],"wp:featuredmedia":[{"embeddable":true,"href":"http:\/\/parafiaostrowsko.info\/wordpress\/index.php\/wp-json\/wp\/v2\/media\/9608"}],"wp:attachment":[{"href":"http:\/\/parafiaostrowsko.info\/wordpress\/index.php\/wp-json\/wp\/v2\/media?parent=9465"}],"curies":[{"name":"wp","href":"https:\/\/api.w.org\/{rel}","templated":true}]}}