{"id":9478,"date":"2026-01-29T13:45:00","date_gmt":"2026-01-29T12:45:00","guid":{"rendered":"http:\/\/parafiaostrowsko.info\/wordpress\/?page_id=9478"},"modified":"2026-01-29T14:02:08","modified_gmt":"2026-01-29T13:02:08","slug":"rada-parafialna","status":"publish","type":"page","link":"http:\/\/parafiaostrowsko.info\/wordpress\/index.php\/rada-parafialna\/","title":{"rendered":"Rada Parafialna"},"content":{"rendered":"\n<p>Wybory do Rady Parafialnej odby\u0142y si\u0119 <strong>1-2 listopada 2025 roku. <\/strong>Kadencja Rady trwa 3 lata. Sk\u0142ad Rady jest nast\u0119puj\u0105cy:<\/p>\n\n\n\n<p class=\"has-text-align-center\"><strong>Henryk Kozie\u0142&nbsp;<br>Piotr Waksmundzki<br>Pawe\u0142 Ci\u0119\u017cobka<br>Stanis\u0142aw Wach<br>Marcin \u017b\u00f3\u0142tek<br>Gra\u017cyna Mazurek<br>Krzysztof Jurak<br>Bogdan Ci\u0119\u017cobka<br>Szymon Waksmundzki<\/strong><br><strong>Jacek Baca<\/strong><\/p>\n\n\n\n<p><strong>PODZIA\u0141 PARAFII NA REJONY:<\/strong><\/p>\n\n\n\n<ol type=\"1\"><li>ul. Pieni\u0144ska (od nr 72 p. Kos w stron\u0119 Waksmunda)<\/li><li>ul. Pieni\u0144ska (od nr 72 p. Kos w stron\u0119 \u0141opusznej)<br>&nbsp;&nbsp;&nbsp;&nbsp;&nbsp;&nbsp; oraz ul. Sosnowa, Stefanii Bryjewskiej<\/li><li>ul. Za Potokiem, S\u0142oneczna, Pa\u0144ska, Tatrza\u0144ska, Tischnera,<br>&nbsp;&nbsp;&nbsp;&nbsp; Polna, Jana Paw\u0142a II<\/li><li>ul. Gorcza\u0144ska<\/li><li>ul. Nadwodnia, Bystra, Migrond, Weso\u0142a, \u015awierkowa<\/li><li>ul. W\u0142. Orkana, Na R\u00f3wni, pl. \u015bw. Floriana, os. Kamieniec<\/li><\/ol>\n\n\n\n<p><strong>Spotkania Rady<\/strong> odbywaj\u0105 si\u0119 raz w miesi\u0105cu &#8211; zazwyczaj w \u015brod\u0119 po trzeciej niedzieli miesi\u0105ca. <\/p>\n","protected":false},"excerpt":{"rendered":"<p>Wybory do Rady Parafialnej odby\u0142y si\u0119 1-2 listopada 2025 roku. Kadencja Rady trwa 3 lata. Sk\u0142ad Rady jest nast\u0119puj\u0105cy: Henryk Kozie\u0142&nbsp;Piotr WaksmundzkiPawe\u0142 Ci\u0119\u017cobkaStanis\u0142aw WachMarcin \u017b\u00f3\u0142tekGra\u017cyna MazurekKrzysztof JurakBogdan Ci\u0119\u017cobkaSzymon WaksmundzkiJacek Baca PODZIA\u0141 PARAFII NA REJONY:&#46;&#46;&#46;<\/p>\n<div class='heateorSssClear'><\/div><div  class='heateor_sss_sharing_container heateor_sss_horizontal_sharing' data-heateor-sss-href='http:\/\/parafiaostrowsko.info\/wordpress\/index.php\/rada-parafialna\/'><div class='heateor_sss_sharing_title' style=\"font-weight:bold\" >Udost\u0119pnij<\/div><div class=\"heateor_sss_sharing_ul\"><a class=\"heateor_sss_facebook\" href=\"https:\/\/www.facebook.com\/sharer\/sharer.php?u=http%3A%2F%2Fparafiaostrowsko.info%2Fwordpress%2Findex.php%2Frada-parafialna%2F\" title=\"Facebook\" rel=\"nofollow noopener\" target=\"_blank\" style=\"font-size:32px!important;box-shadow:none;display:inline-block;vertical-align:middle\"><span class=\"heateor_sss_svg\" style=\"background-color:#3c589a;width:35px;height:35px;border-radius:999px;display:inline-block;opacity:1;float:left;font-size:32px;box-shadow:none;display:inline-block;font-size:16px;padding:0 4px;vertical-align:middle;background-repeat:repeat;overflow:hidden;padding:0;cursor:pointer;box-sizing:content-box\"><svg style=\"display:block;border-radius:999px;\" focusable=\"false\" aria-hidden=\"true\" xmlns=\"http:\/\/www.w3.org\/2000\/svg\" width=\"100%\" height=\"100%\" viewBox=\"-5 -5 42 42\"><path d=\"M17.78 27.5V17.008h3.522l.527-4.09h-4.05v-2.61c0-1.182.33-1.99 2.023-1.99h2.166V4.66c-.375-.05-1.66-.16-3.155-.16-3.123 0-5.26 1.905-5.26 5.405v3.016h-3.53v4.09h3.53V27.5h4.223z\" fill=\"#fff\"><\/path><\/svg><\/span><\/a><a style=\"padding:7.35px 0 !important\" class=\"heateor_sss_facebook_share\"><div class=\"fb-share-button\" data-href=\"http:\/\/parafiaostrowsko.info\/wordpress\/index.php\/rada-parafialna\/\" data-layout=\"button\"><\/div><\/a><\/div><div class=\"heateorSssClear\"><\/div><\/div><div class='heateorSssClear'><\/div>","protected":false},"author":1,"featured_media":0,"parent":0,"menu_order":0,"comment_status":"closed","ping_status":"closed","template":"","meta":[],"_links":{"self":[{"href":"http:\/\/parafiaostrowsko.info\/wordpress\/index.php\/wp-json\/wp\/v2\/pages\/9478"}],"collection":[{"href":"http:\/\/parafiaostrowsko.info\/wordpress\/index.php\/wp-json\/wp\/v2\/pages"}],"about":[{"href":"http:\/\/parafiaostrowsko.info\/wordpress\/index.php\/wp-json\/wp\/v2\/types\/page"}],"author":[{"embeddable":true,"href":"http:\/\/parafiaostrowsko.info\/wordpress\/index.php\/wp-json\/wp\/v2\/users\/1"}],"replies":[{"embeddable":true,"href":"http:\/\/parafiaostrowsko.info\/wordpress\/index.php\/wp-json\/wp\/v2\/comments?post=9478"}],"version-history":[{"count":6,"href":"http:\/\/parafiaostrowsko.info\/wordpress\/index.php\/wp-json\/wp\/v2\/pages\/9478\/revisions"}],"predecessor-version":[{"id":9488,"href":"http:\/\/parafiaostrowsko.info\/wordpress\/index.php\/wp-json\/wp\/v2\/pages\/9478\/revisions\/9488"}],"wp:attachment":[{"href":"http:\/\/parafiaostrowsko.info\/wordpress\/index.php\/wp-json\/wp\/v2\/media?parent=9478"}],"curies":[{"name":"wp","href":"https:\/\/api.w.org\/{rel}","templated":true}]}}